{"id":5644,"date":"2019-09-30T11:03:26","date_gmt":"2019-09-30T11:03:26","guid":{"rendered":"https:\/\/www.liberopensare.com\/?page_id=5644"},"modified":"2022-10-31T13:08:19","modified_gmt":"2022-10-31T12:08:19","slug":"massimo-scaligero-biografia","status":"publish","type":"page","link":"https:\/\/www.liberopensare.com\/en\/massimo-scaligero-biografia\/","title":{"rendered":"Massimo Scaligero &#8211; Biografia"},"content":{"rendered":"<div data-elementor-type=\"wp-page\" data-elementor-id=\"5644\" class=\"elementor elementor-5644\" data-elementor-settings=\"{&quot;element_pack_global_tooltip_width&quot;:{&quot;unit&quot;:&quot;px&quot;,&quot;size&quot;:&quot;&quot;,&quot;sizes&quot;:[]},&quot;element_pack_global_tooltip_width_tablet&quot;:{&quot;unit&quot;:&quot;px&quot;,&quot;size&quot;:&quot;&quot;,&quot;sizes&quot;:[]},&quot;element_pack_global_tooltip_width_mobile&quot;:{&quot;unit&quot;:&quot;px&quot;,&quot;size&quot;:&quot;&quot;,&quot;sizes&quot;:[]},&quot;element_pack_global_tooltip_padding&quot;:{&quot;unit&quot;:&quot;px&quot;,&quot;top&quot;:&quot;&quot;,&quot;right&quot;:&quot;&quot;,&quot;bottom&quot;:&quot;&quot;,&quot;left&quot;:&quot;&quot;,&quot;isLinked&quot;:true},&quot;element_pack_global_tooltip_padding_tablet&quot;:{&quot;unit&quot;:&quot;px&quot;,&quot;top&quot;:&quot;&quot;,&quot;right&quot;:&quot;&quot;,&quot;bottom&quot;:&quot;&quot;,&quot;left&quot;:&quot;&quot;,&quot;isLinked&quot;:true},&quot;element_pack_global_tooltip_padding_mobile&quot;:{&quot;unit&quot;:&quot;px&quot;,&quot;top&quot;:&quot;&quot;,&quot;right&quot;:&quot;&quot;,&quot;bottom&quot;:&quot;&quot;,&quot;left&quot;:&quot;&quot;,&quot;isLinked&quot;:true},&quot;element_pack_global_tooltip_border_radius&quot;:{&quot;unit&quot;:&quot;px&quot;,&quot;top&quot;:&quot;&quot;,&quot;right&quot;:&quot;&quot;,&quot;bottom&quot;:&quot;&quot;,&quot;left&quot;:&quot;&quot;,&quot;isLinked&quot;:true},&quot;element_pack_global_tooltip_border_radius_tablet&quot;:{&quot;unit&quot;:&quot;px&quot;,&quot;top&quot;:&quot;&quot;,&quot;right&quot;:&quot;&quot;,&quot;bottom&quot;:&quot;&quot;,&quot;left&quot;:&quot;&quot;,&quot;isLinked&quot;:true},&quot;element_pack_global_tooltip_border_radius_mobile&quot;:{&quot;unit&quot;:&quot;px&quot;,&quot;top&quot;:&quot;&quot;,&quot;right&quot;:&quot;&quot;,&quot;bottom&quot;:&quot;&quot;,&quot;left&quot;:&quot;&quot;,&quot;isLinked&quot;:true}}\" data-elementor-post-type=\"page\">\n\t\t\t\t\t\t<section class=\"elementor-section elementor-top-section elementor-element elementor-element-4867a7a elementor-section-boxed elementor-section-height-default elementor-section-height-default\" data-id=\"4867a7a\" data-element_type=\"section\" data-e-type=\"section\" data-settings=\"{&quot;jet_parallax_layout_list&quot;:[{&quot;jet_parallax_layout_image&quot;:{&quot;url&quot;:&quot;&quot;,&quot;id&quot;:&quot;&quot;,&quot;size&quot;:&quot;&quot;},&quot;_id&quot;:&quot;2428d15&quot;,&quot;jet_parallax_layout_image_tablet&quot;:{&quot;url&quot;:&quot;&quot;,&quot;id&quot;:&quot;&quot;,&quot;size&quot;:&quot;&quot;},&quot;jet_parallax_layout_image_mobile&quot;:{&quot;url&quot;:&quot;&quot;,&quot;id&quot;:&quot;&quot;,&quot;size&quot;:&quot;&quot;},&quot;jet_parallax_layout_speed&quot;:{&quot;unit&quot;:&quot;%&quot;,&quot;size&quot;:50,&quot;sizes&quot;:[]},&quot;jet_parallax_layout_type&quot;:&quot;scroll&quot;,&quot;jet_parallax_layout_direction&quot;:&quot;1&quot;,&quot;jet_parallax_layout_fx_direction&quot;:null,&quot;jet_parallax_layout_z_index&quot;:&quot;&quot;,&quot;jet_parallax_layout_bg_x&quot;:50,&quot;jet_parallax_layout_bg_x_tablet&quot;:&quot;&quot;,&quot;jet_parallax_layout_bg_x_mobile&quot;:&quot;&quot;,&quot;jet_parallax_layout_bg_y&quot;:50,&quot;jet_parallax_layout_bg_y_tablet&quot;:&quot;&quot;,&quot;jet_parallax_layout_bg_y_mobile&quot;:&quot;&quot;,&quot;jet_parallax_layout_bg_size&quot;:&quot;auto&quot;,&quot;jet_parallax_layout_bg_size_tablet&quot;:&quot;&quot;,&quot;jet_parallax_layout_bg_size_mobile&quot;:&quot;&quot;,&quot;jet_parallax_layout_animation_prop&quot;:&quot;transform&quot;,&quot;jet_parallax_layout_on&quot;:[&quot;desktop&quot;,&quot;tablet&quot;]}],&quot;background_background&quot;:&quot;classic&quot;}\">\n\t\t\t\t\t\t<div class=\"elementor-container elementor-column-gap-default\">\n\t\t\t\t\t<div class=\"elementor-column elementor-col-100 elementor-top-column elementor-element elementor-element-360353e\" data-id=\"360353e\" data-element_type=\"column\" data-e-type=\"column\">\n\t\t\t<div class=\"elementor-widget-wrap elementor-element-populated\">\n\t\t\t\t\t\t<section class=\"elementor-section elementor-inner-section elementor-element elementor-element-d473f74 elementor-section-boxed elementor-section-height-default elementor-section-height-default\" data-id=\"d473f74\" data-element_type=\"section\" data-e-type=\"section\" data-settings=\"{&quot;jet_parallax_layout_list&quot;:[{&quot;jet_parallax_layout_image&quot;:{&quot;url&quot;:&quot;&quot;,&quot;id&quot;:&quot;&quot;,&quot;size&quot;:&quot;&quot;},&quot;_id&quot;:&quot;8e3cc18&quot;,&quot;jet_parallax_layout_image_tablet&quot;:{&quot;url&quot;:&quot;&quot;,&quot;id&quot;:&quot;&quot;,&quot;size&quot;:&quot;&quot;},&quot;jet_parallax_layout_image_mobile&quot;:{&quot;url&quot;:&quot;&quot;,&quot;id&quot;:&quot;&quot;,&quot;size&quot;:&quot;&quot;},&quot;jet_parallax_layout_speed&quot;:{&quot;unit&quot;:&quot;%&quot;,&quot;size&quot;:50,&quot;sizes&quot;:[]},&quot;jet_parallax_layout_type&quot;:&quot;scroll&quot;,&quot;jet_parallax_layout_direction&quot;:&quot;1&quot;,&quot;jet_parallax_layout_fx_direction&quot;:null,&quot;jet_parallax_layout_z_index&quot;:&quot;&quot;,&quot;jet_parallax_layout_bg_x&quot;:50,&quot;jet_parallax_layout_bg_x_tablet&quot;:&quot;&quot;,&quot;jet_parallax_layout_bg_x_mobile&quot;:&quot;&quot;,&quot;jet_parallax_layout_bg_y&quot;:50,&quot;jet_parallax_layout_bg_y_tablet&quot;:&quot;&quot;,&quot;jet_parallax_layout_bg_y_mobile&quot;:&quot;&quot;,&quot;jet_parallax_layout_bg_size&quot;:&quot;auto&quot;,&quot;jet_parallax_layout_bg_size_tablet&quot;:&quot;&quot;,&quot;jet_parallax_layout_bg_size_mobile&quot;:&quot;&quot;,&quot;jet_parallax_layout_animation_prop&quot;:&quot;transform&quot;,&quot;jet_parallax_layout_on&quot;:[&quot;desktop&quot;,&quot;tablet&quot;]}]}\">\n\t\t\t\t\t\t<div class=\"elementor-container elementor-column-gap-default\">\n\t\t\t\t\t<div class=\"elementor-column elementor-col-50 elementor-inner-column elementor-element elementor-element-18dbb69\" data-id=\"18dbb69\" data-element_type=\"column\" data-e-type=\"column\">\n\t\t\t<div class=\"elementor-widget-wrap elementor-element-populated\">\n\t\t\t\t\t\t<div class=\"elementor-element elementor-element-43d59dc elementor-widget elementor-widget-heading\" data-id=\"43d59dc\" data-element_type=\"widget\" data-e-type=\"widget\" data-widget_type=\"heading.default\">\n\t\t\t\t<div class=\"elementor-widget-container\">\n\t\t\t\t\t<h2 class=\"elementor-heading-title elementor-size-default\">Massimo Scaligero<\/h2>\t\t\t\t<\/div>\n\t\t\t\t<\/div>\n\t\t\t\t<div class=\"elementor-element elementor-element-c44b6f3 elementor-widget elementor-widget-text-editor\" data-id=\"c44b6f3\" data-element_type=\"widget\" data-e-type=\"widget\" data-widget_type=\"text-editor.default\">\n\t\t\t\t<div class=\"elementor-widget-container\">\n\t\t\t\t\t\t\t\t\t<p><img fetchpriority=\"high\" decoding=\"async\" class=\"size-medium wp-image-5646 alignleft\" src=\"https:\/\/www.liberopensare.com\/wp-content\/uploads\/2019\/09\/Massimo_Scaligero_edited-1-256x300.jpg\" alt=\"\" width=\"256\" height=\"300\" srcset=\"https:\/\/www.liberopensare.com\/wp-content\/uploads\/2019\/09\/Massimo_Scaligero_edited-1-256x300.jpg 256w, https:\/\/www.liberopensare.com\/wp-content\/uploads\/2019\/09\/Massimo_Scaligero_edited-1.jpg 693w\" sizes=\"(max-width: 256px) 100vw, 256px\" \/>Massimo Scaligero (1906-1980) nasce, come Antonio Massimo Scabelloni, a Veroli, nel frusinate; riceve una formazione umanistica, che integra con studi logico-matematici e filosofici.<\/p><p>Giornalista, poeta &#8211; D\u2019Annunzio, leggendo delle sue poesie giovanili esclam\u00f2 \u201cecco il nuovo vate d\u2019Italia\u201d &#8211; scrittore, studioso e profondo conoscitore di esoterismo e di filosofie orientali dirige, sino al 1978, la rivista East and West, edita dall&#8217;Istituto per il Medio ed Estremo Oriente (ISMeO), fondato da Giovanni Gentile e Giuseppe Tucci. La rivista \u00e8 una pubblicazione scientifica, in inglese, alla quale collaborano i massimi esperti mondiali di arte, archeologia, filosofia e religioni del Medio ed Estremo Oriente.<\/p><p>Da ragazzo ha esperienze spirituali particolarmente intense e, per decenni, cerca di comprendere il senso e la natura di tali esperienze, finch\u00e9, nell\u2019immediato dopoguerra, incontra il pensiero di Rudolf Steiner. Legge \u201cLa scienza occulta\u201d di Steiner e vi ritrova descritto quanto la sua anima sperimentava spontaneamente. Da quel momento riconosce il significato spirituale della figura di Steiner e ne continua l\u2019opera in Italia dopo la scomparsa del suo maestro, Giovanni Colazza, che era stato un discepolo diretto di Steiner.<\/p><p>Infaticabile autore e conferenziere \u2013 oltre agli innumerevoli incontri personali, tiene regolarmente due conferenze a settimana a Roma &#8211; dedica la sua intera esistenza a tutti coloro che cercano una via spirituale nell\u2019Italia degli anni \u201960-70, sino alla sua scomparsa, nel Gennaio del 1980.<\/p><p>Probabilmente la sua reale statura di uomo e di pensatore potr\u00e0 venire riconosciuta solo tra molti decenni &#8211; se non secoli \u2013 dato che la sua missione spirituale e la sua opera letteraria hanno aperto nuove vie alla conoscenza del s\u00e9. Scaligero ha lasciato oltre 30 libri, prevalentemente dedicati all\u2019opus della trasformazione del pensiero umano in vero e proprio strumento di esperienza spirituale, un sentiero direttamente elaborato a partire dalla scienza dello spirito di Rudolf Steiner.<\/p><p>Se Rudolf Steiner ha esposto le basi conoscitive del suo percorso in \u201cLa Filosofia della Libert\u00e0\u201d, Massimo Scaligero ha proseguito il lavoro del maestro muovendo dalla base stessa del conoscere, dallo strumento primo: il pensare. Pensare che deve divenire uno strumento di conoscenza oggettiva, un veicolo di trasformazione dell\u2019essere umano nella sua totalit\u00e0.<\/p><p>L\u2019esposizione dell\u2019opus di trasformazione del pensare \u2013 leitmotiv che attraversa tutta l\u2019opera di Scaligero \u2013 culmina nel \u201cTrattato del Pensiero Vivente\u201d.<\/p><p><img decoding=\"async\" class=\"size-medium wp-image-24 alignright\" src=\"https:\/\/www.liberopensare.com\/wp-content\/uploads\/1970\/01\/4-300x136.jpg\" alt=\"4\" width=\"300\" height=\"136\" \/>Il \u201cTrattato\u201d non \u00e8 un libro da leggere, ma un sistema di pensieri da ripercorrere, su cui inerpicarsi, sino a sperimentare dentro di s\u00e9 le stesse forze-pensiero che l\u2019hanno creato nella mente dell\u2019Autore. \u201cLa sua concatenazione di pensieri [del Trattato] \u00e8 congegnata in modo che il ripercorrerla comincia a essere l&#8217;esperienza proposta: esperienza che, in quanto si realizzi, risulta non una tra le varie possibili all&#8217;uomo, ma quella della sua essenza interiore, che lo spirito esige da lui in questo tempo\u201d.<\/p><p>\u00c8 la Via del Pensiero Vivente, del pensiero svincolato dai sensi. Il Pensiero Vivente, autentico ricostitutore del rapporto dell&#8217;uomo con il reale, \u201co \u00e8 un&#8217;esperienza o \u00e8 un nulla\u201d scrive Scaligero nella sua autobiografia, \u201cDallo Yoga alla Rosacroce\u201d.<\/p><p>N\u00e9 rappresentazione, dunque, n\u00e9 contenuto dialettico.<\/p><p>Il Pensiero Vivente, svincolato dai sensi, rappresenta la straordinaria possibilit\u00e0, offerta all&#8217;uomo attuale, di realizzare una conoscenza predialettica, poich\u00e9 sperimentata in una zona dove il pensare \u00e8 ancora sostanza spirituale.<\/p><p>Scaligero dimostra come il pensiero &#8211; grazie al quale il mondo cessa di essere caos e diviene intellegibile, mediante il quale dirigiamo il vascello della nostra esistenza, in virt\u00f9 del quale possiamo dirci veramente uomini &#8211; sia l&#8217;autentico, grande sconosciuto.<\/p><p>Noi, come uomini di questo tempo, ne sperimentiamo solo il riflesso, il pensato; il suo movimento, la sua sorgente, che \u00e8 alla base della nostra individualit\u00e0, rimangono preclusi al nostro sguardo. La consapevolezza dei reali moventi delle nostre decisioni, cos\u00ec come una genuina autoconoscenza, sono pertanto inesorabilmente sottratti alla coscienza ordinaria.<\/p><p>Ci\u00f2 indica con chiarezza che anche il contenuto immortale della Tradizione non coincide con la sua forma; esso si modifica costantemente nella storia umana e deve venir rivitalizzato dalla personale esperienza. Il termine esperienza mette in fuga ogni illusione: \u00e8 condizione, questa, da raggiungere non grazie a speculazione concettuale o performance dialettica, ma esclusivamente mediante ascesi interiore.<\/p><p>Come si \u00e8 detto, la prima formulazione del sentiero di conoscenza cui s\u2019ispira Scaligero va attribuita, all&#8217;inizio del secolo, a Rudolf Steiner &#8211; colui che, nelle opere di Scaligero viene chiamato il &#8220;Maestro dei nuovi Tempi&#8221; &#8211; alla cui figura ed al cui insegnamento egli sempre si riferisce. Non v&#8217;\u00e8 pagina della sua opera in cui non rimandi il lettore al suo compito di discepolo, non dell&#8217;una o dell&#8217;altra Tradizione, ma della conoscenza.<\/p><p><img decoding=\"async\" class=\"size-medium wp-image-25 alignleft\" src=\"https:\/\/www.liberopensare.com\/wp-content\/uploads\/1970\/01\/Massimo_Scaligero_3_light-300x216.jpg\" alt=\"Massimo Scaligero 3 light\" width=\"300\" height=\"216\" srcset=\"https:\/\/www.liberopensare.com\/wp-content\/uploads\/1970\/01\/Massimo_Scaligero_3_light-300x216.jpg 300w, https:\/\/www.liberopensare.com\/wp-content\/uploads\/1970\/01\/Massimo_Scaligero_3_light-768x552.jpg 768w, https:\/\/www.liberopensare.com\/wp-content\/uploads\/1970\/01\/Massimo_Scaligero_3_light.jpg 1024w\" sizes=\"(max-width: 300px) 100vw, 300px\" \/>La posizione di Massimo Scaligero non \u00e8, tuttavia, quella di un semplice epigono, pronto a mettere le proprie convinzioni al servizio dell\u2019\u2018ortodossia\u2019 di una corrente spirituale; in realt\u00e0 egli ha sempre considerato suo impegno portare nei propri scritti esclusivamente contenuti di pensiero e di esperienza personali.<\/p><p>Conscio del valore insostituibile della libert\u00e0 e dell&#8217;indipendenza interiori, di cui l&#8217;uomo attuale necessita, non ha voluto che i numerosi discepoli si dessero organizzazioni esteriori di sorta. Il legame che unisce coloro che servono lo Spirito non pu\u00f2 che essere esclusivamente spirituale; ogni sodalizio che si fondi su organizzazioni esteriori rischia inesorabilmente di pregiudicare l&#8217;esito del lavoro.<\/p><p>Chi l\u2019ha conosciuto gli \u00e8 debitore per l&#8217;infinita tolleranza, la smisurata dedizione che ha riservato a ogni autentico cercatore di verit\u00e0, mai stanco di aiutare chiunque a lui si rivolgesse, sempre pronto all&#8217;umorismo, alla donazione di s\u00e9. Fino a sacrificare coscientemente ogni istante della propria giornata agli incontri e alle conferenze. Sovraumana la sua coerenza di vita &#8211; accanto a quella, mirabile e poetica dei puri ritmi del Pensiero Vivente.<\/p><p><em>Piero Cammerinesi<\/em><\/p>\t\t\t\t\t\t\t\t<\/div>\n\t\t\t\t<\/div>\n\t\t\t\t\t<\/div>\n\t\t<\/div>\n\t\t\t\t<div class=\"elementor-column elementor-col-50 elementor-inner-column elementor-element elementor-element-4e76736\" data-id=\"4e76736\" data-element_type=\"column\" data-e-type=\"column\">\n\t\t\t<div class=\"elementor-widget-wrap elementor-element-populated\">\n\t\t\t\t\t\t<div class=\"elementor-element elementor-element-26eba0a elementor-align-center elementor-widget elementor-widget-button\" data-id=\"26eba0a\" data-element_type=\"widget\" data-e-type=\"widget\" data-widget_type=\"button.default\">\n\t\t\t\t<div class=\"elementor-widget-container\">\n\t\t\t\t\t\t\t\t\t<div class=\"elementor-button-wrapper\">\n\t\t\t\t\t<a class=\"elementor-button elementor-button-link elementor-size-sm\" href=\"https:\/\/www.liberopensare.com\/en\/massimo-scaligero-opere\/\">\n\t\t\t\t\t\t<span class=\"elementor-button-content-wrapper\">\n\t\t\t\t\t\t\t\t\t<span class=\"elementor-button-text\">Vai alle Opere<\/span>\n\t\t\t\t\t<\/span>\n\t\t\t\t\t<\/a>\n\t\t\t\t<\/div>\n\t\t\t\t\t\t\t\t<\/div>\n\t\t\t\t<\/div>\n\t\t\t\t\t<\/div>\n\t\t<\/div>\n\t\t\t\t\t<\/div>\n\t\t<\/section>\n\t\t\t\t\t<\/div>\n\t\t<\/div>\n\t\t\t\t\t<\/div>\n\t\t<\/section>\n\t\t\t\t<\/div>","protected":false},"excerpt":{"rendered":"<p>Massimo Scaligero Massimo Scaligero (1906-1980) nasce, come Antonio Massimo Scabelloni, a Veroli, nel frusinate; riceve una formazione umanistica, che integra con studi logico-matematici e filosofici. Giornalista, poeta &#8211; D\u2019Annunzio, leggendo delle sue poesie giovanili esclam\u00f2 \u201cecco il nuovo vate d\u2019Italia\u201d &#8211; scrittore, studioso e profondo conoscitore di esoterismo e di filosofie orientali dirige, sino al [&hellip;]<\/p>","protected":false},"author":1,"featured_media":0,"parent":0,"menu_order":0,"comment_status":"closed","ping_status":"closed","template":"elementor_header_footer","meta":{"footnotes":""},"class_list":["post-5644","page","type-page","status-publish","hentry"],"_links":{"self":[{"href":"https:\/\/www.liberopensare.com\/en\/wp-json\/wp\/v2\/pages\/5644","targetHints":{"allow":["GET"]}}],"collection":[{"href":"https:\/\/www.liberopensare.com\/en\/wp-json\/wp\/v2\/pages"}],"about":[{"href":"https:\/\/www.liberopensare.com\/en\/wp-json\/wp\/v2\/types\/page"}],"author":[{"embeddable":true,"href":"https:\/\/www.liberopensare.com\/en\/wp-json\/wp\/v2\/users\/1"}],"replies":[{"embeddable":true,"href":"https:\/\/www.liberopensare.com\/en\/wp-json\/wp\/v2\/comments?post=5644"}],"version-history":[{"count":0,"href":"https:\/\/www.liberopensare.com\/en\/wp-json\/wp\/v2\/pages\/5644\/revisions"}],"wp:attachment":[{"href":"https:\/\/www.liberopensare.com\/en\/wp-json\/wp\/v2\/media?parent=5644"}],"curies":[{"name":"wp","href":"https:\/\/api.w.org\/{rel}","templated":true}]}}