{"id":5678,"date":"2019-09-30T12:45:59","date_gmt":"2019-09-30T12:45:59","guid":{"rendered":"https:\/\/www.liberopensare.com\/?page_id=5678"},"modified":"2022-10-31T12:50:40","modified_gmt":"2022-10-31T11:50:40","slug":"botho-sigwart-biografia","status":"publish","type":"page","link":"https:\/\/www.liberopensare.com\/en\/botho-sigwart-biografia\/","title":{"rendered":"Botho Sigwart &#8211; Biografia"},"content":{"rendered":"\t\t<div data-elementor-type=\"wp-page\" data-elementor-id=\"5678\" class=\"elementor elementor-5678\" data-elementor-settings=\"{&quot;element_pack_global_tooltip_width&quot;:{&quot;unit&quot;:&quot;px&quot;,&quot;size&quot;:&quot;&quot;,&quot;sizes&quot;:[]},&quot;element_pack_global_tooltip_width_tablet&quot;:{&quot;unit&quot;:&quot;px&quot;,&quot;size&quot;:&quot;&quot;,&quot;sizes&quot;:[]},&quot;element_pack_global_tooltip_width_mobile&quot;:{&quot;unit&quot;:&quot;px&quot;,&quot;size&quot;:&quot;&quot;,&quot;sizes&quot;:[]},&quot;element_pack_global_tooltip_padding&quot;:{&quot;unit&quot;:&quot;px&quot;,&quot;top&quot;:&quot;&quot;,&quot;right&quot;:&quot;&quot;,&quot;bottom&quot;:&quot;&quot;,&quot;left&quot;:&quot;&quot;,&quot;isLinked&quot;:true},&quot;element_pack_global_tooltip_padding_tablet&quot;:{&quot;unit&quot;:&quot;px&quot;,&quot;top&quot;:&quot;&quot;,&quot;right&quot;:&quot;&quot;,&quot;bottom&quot;:&quot;&quot;,&quot;left&quot;:&quot;&quot;,&quot;isLinked&quot;:true},&quot;element_pack_global_tooltip_padding_mobile&quot;:{&quot;unit&quot;:&quot;px&quot;,&quot;top&quot;:&quot;&quot;,&quot;right&quot;:&quot;&quot;,&quot;bottom&quot;:&quot;&quot;,&quot;left&quot;:&quot;&quot;,&quot;isLinked&quot;:true},&quot;element_pack_global_tooltip_border_radius&quot;:{&quot;unit&quot;:&quot;px&quot;,&quot;top&quot;:&quot;&quot;,&quot;right&quot;:&quot;&quot;,&quot;bottom&quot;:&quot;&quot;,&quot;left&quot;:&quot;&quot;,&quot;isLinked&quot;:true},&quot;element_pack_global_tooltip_border_radius_tablet&quot;:{&quot;unit&quot;:&quot;px&quot;,&quot;top&quot;:&quot;&quot;,&quot;right&quot;:&quot;&quot;,&quot;bottom&quot;:&quot;&quot;,&quot;left&quot;:&quot;&quot;,&quot;isLinked&quot;:true},&quot;element_pack_global_tooltip_border_radius_mobile&quot;:{&quot;unit&quot;:&quot;px&quot;,&quot;top&quot;:&quot;&quot;,&quot;right&quot;:&quot;&quot;,&quot;bottom&quot;:&quot;&quot;,&quot;left&quot;:&quot;&quot;,&quot;isLinked&quot;:true}}\" data-elementor-post-type=\"page\">\n\t\t\t\t\t\t<section class=\"elementor-section elementor-top-section elementor-element elementor-element-287722c elementor-section-boxed elementor-section-height-default elementor-section-height-default\" data-id=\"287722c\" data-element_type=\"section\" data-e-type=\"section\" data-settings=\"{&quot;jet_parallax_layout_list&quot;:[{&quot;jet_parallax_layout_image&quot;:{&quot;url&quot;:&quot;&quot;,&quot;id&quot;:&quot;&quot;,&quot;size&quot;:&quot;&quot;},&quot;_id&quot;:&quot;477ffbf&quot;,&quot;jet_parallax_layout_image_tablet&quot;:{&quot;url&quot;:&quot;&quot;,&quot;id&quot;:&quot;&quot;,&quot;size&quot;:&quot;&quot;},&quot;jet_parallax_layout_image_mobile&quot;:{&quot;url&quot;:&quot;&quot;,&quot;id&quot;:&quot;&quot;,&quot;size&quot;:&quot;&quot;},&quot;jet_parallax_layout_speed&quot;:{&quot;unit&quot;:&quot;%&quot;,&quot;size&quot;:50,&quot;sizes&quot;:[]},&quot;jet_parallax_layout_type&quot;:&quot;scroll&quot;,&quot;jet_parallax_layout_direction&quot;:&quot;1&quot;,&quot;jet_parallax_layout_fx_direction&quot;:null,&quot;jet_parallax_layout_z_index&quot;:&quot;&quot;,&quot;jet_parallax_layout_bg_x&quot;:50,&quot;jet_parallax_layout_bg_x_tablet&quot;:&quot;&quot;,&quot;jet_parallax_layout_bg_x_mobile&quot;:&quot;&quot;,&quot;jet_parallax_layout_bg_y&quot;:50,&quot;jet_parallax_layout_bg_y_tablet&quot;:&quot;&quot;,&quot;jet_parallax_layout_bg_y_mobile&quot;:&quot;&quot;,&quot;jet_parallax_layout_bg_size&quot;:&quot;auto&quot;,&quot;jet_parallax_layout_bg_size_tablet&quot;:&quot;&quot;,&quot;jet_parallax_layout_bg_size_mobile&quot;:&quot;&quot;,&quot;jet_parallax_layout_animation_prop&quot;:&quot;transform&quot;,&quot;jet_parallax_layout_on&quot;:[&quot;desktop&quot;,&quot;tablet&quot;]}],&quot;background_background&quot;:&quot;classic&quot;}\">\n\t\t\t\t\t\t<div class=\"elementor-container elementor-column-gap-default\">\n\t\t\t\t\t<div class=\"elementor-column elementor-col-100 elementor-top-column elementor-element elementor-element-0d89b95\" data-id=\"0d89b95\" data-element_type=\"column\" data-e-type=\"column\">\n\t\t\t<div class=\"elementor-widget-wrap elementor-element-populated\">\n\t\t\t\t\t\t<section class=\"elementor-section elementor-inner-section elementor-element elementor-element-d69edf9 elementor-section-boxed elementor-section-height-default elementor-section-height-default\" data-id=\"d69edf9\" data-element_type=\"section\" data-e-type=\"section\" data-settings=\"{&quot;jet_parallax_layout_list&quot;:[{&quot;jet_parallax_layout_image&quot;:{&quot;url&quot;:&quot;&quot;,&quot;id&quot;:&quot;&quot;,&quot;size&quot;:&quot;&quot;},&quot;_id&quot;:&quot;2f88002&quot;,&quot;jet_parallax_layout_image_tablet&quot;:{&quot;url&quot;:&quot;&quot;,&quot;id&quot;:&quot;&quot;,&quot;size&quot;:&quot;&quot;},&quot;jet_parallax_layout_image_mobile&quot;:{&quot;url&quot;:&quot;&quot;,&quot;id&quot;:&quot;&quot;,&quot;size&quot;:&quot;&quot;},&quot;jet_parallax_layout_speed&quot;:{&quot;unit&quot;:&quot;%&quot;,&quot;size&quot;:50,&quot;sizes&quot;:[]},&quot;jet_parallax_layout_type&quot;:&quot;scroll&quot;,&quot;jet_parallax_layout_direction&quot;:&quot;1&quot;,&quot;jet_parallax_layout_fx_direction&quot;:null,&quot;jet_parallax_layout_z_index&quot;:&quot;&quot;,&quot;jet_parallax_layout_bg_x&quot;:50,&quot;jet_parallax_layout_bg_x_tablet&quot;:&quot;&quot;,&quot;jet_parallax_layout_bg_x_mobile&quot;:&quot;&quot;,&quot;jet_parallax_layout_bg_y&quot;:50,&quot;jet_parallax_layout_bg_y_tablet&quot;:&quot;&quot;,&quot;jet_parallax_layout_bg_y_mobile&quot;:&quot;&quot;,&quot;jet_parallax_layout_bg_size&quot;:&quot;auto&quot;,&quot;jet_parallax_layout_bg_size_tablet&quot;:&quot;&quot;,&quot;jet_parallax_layout_bg_size_mobile&quot;:&quot;&quot;,&quot;jet_parallax_layout_animation_prop&quot;:&quot;transform&quot;,&quot;jet_parallax_layout_on&quot;:[&quot;desktop&quot;,&quot;tablet&quot;]}]}\">\n\t\t\t\t\t\t<div class=\"elementor-container elementor-column-gap-default\">\n\t\t\t\t\t<div class=\"elementor-column elementor-col-50 elementor-inner-column elementor-element elementor-element-efe2a01\" data-id=\"efe2a01\" data-element_type=\"column\" data-e-type=\"column\">\n\t\t\t<div class=\"elementor-widget-wrap elementor-element-populated\">\n\t\t\t\t\t\t<div class=\"elementor-element elementor-element-ad3922a elementor-widget elementor-widget-heading\" data-id=\"ad3922a\" data-element_type=\"widget\" data-e-type=\"widget\" data-widget_type=\"heading.default\">\n\t\t\t\t<div class=\"elementor-widget-container\">\n\t\t\t\t\t<h2 class=\"elementor-heading-title elementor-size-default\">Botho Sigwart<\/h2>\t\t\t\t<\/div>\n\t\t\t\t<\/div>\n\t\t\t\t<div class=\"elementor-element elementor-element-3fde648 elementor-widget elementor-widget-text-editor\" data-id=\"3fde648\" data-element_type=\"widget\" data-e-type=\"widget\" data-widget_type=\"text-editor.default\">\n\t\t\t\t<div class=\"elementor-widget-container\">\n\t\t\t\t\t\t\t\t\t<p><img fetchpriority=\"high\" decoding=\"async\" class=\"size-full wp-image-12 alignleft\" src=\"https:\/\/www.liberopensare.com\/wp-content\/uploads\/1970\/01\/Sigwart_1_edited-1.jpg\" alt=\"Sigwart 1 edited-1\" width=\"250\" height=\"215\" \/>Botho Sigwart, conte di Eulenburg, figlio del diplomatico prussiano Philipp Graf zu Eulenburg e di Augusta, contessa di Sandels, nacque a Monaco nel 1884, ereditando, insieme alla sorella pi\u00fa piccola, Tora, le disposizioni musicali paterne. A soli 7 anni scriveva Lieder ad orecchio e a 8 anni componeva ed eseguiva Lieder e musica per pianoforte, spesso dinanzi all\u2019Imperatore in visita a Liebenberg, la dimora di famiglia, presso Berlino. La passione di Sigwart non era solo la musica ma anche la filosofia e l\u2019esoterismo. Nella sua breve vita si interess\u00f2 appassionatamente di religioni orientali, Buddhismo, Teosofia, sino a incontrare Rudolf Steiner nel 1906, seguendo da quel momento con trasporto l\u2019Antroposofia. Steiner era, infatti, amico dei conti di Eulenburg, ed era a volte ospite a Liebenberg; dal momento in cui lo conobbe, Sigwart non perse occasione per seguirne le conferenze e per approfondirne l\u2019opera. Condivise questo interesse con i fratelli Lycki, Tora, Karl e con la cognata Marie. Questo pose le basi per le comunicazioni che avrebbe iniziato a fare dopo la sua morte.<\/p><p>Allo scoppio della I guerra mondiale Sigwart aveva 30 anni, e part\u00ed come volontario nell\u2019esercito tedesco. Gravemente ferito ai polmoni il 9 maggio 1915, durante un attacco in trincea, mor\u00ed il 2 giugno 1915. Ma ad appena poche settimane dalla morte, Sigwart si mise in contatto con sua sorella Lycki, a lui molto legata, e successivamente anche con altre persone di famiglia. Lycki cos\u00ed descrive ci\u00f2 che prov\u00f2 quando inizi\u00f2 a sentire che il fratello voleva mettersi in contatto con lei: \u00abNella solitudine e nel silenzio di questa giornata ho capito ci\u00f2 che Sigwart si aspetta da me. Lui non vuole guidare la mia mano dall\u2019esterno, ma sono io che devo aprire una porta dentro di me; allora sentir\u00f2 le sue parole che poi devo trascrivere\u00bb. Le comunicazioni non avevano carattere medianico; Sigwart trasmetteva i suoi messaggi dall\u2019Aldil\u00e0 a persone non in trance ma perfettamente coscienti, che poi provvedevano a trascriverli. Lycki, poi Tora e pi\u00fa tardi Marie, iniziarono allora a trascrivere i messaggi di Sigwart, che proseguirono per 35 anni. Nonostante i dubbi sulla autenticit\u00e0 dei messaggi che sentiva nascere dentro di s\u00e9 le esortazioni del fratello e la straordinariet\u00e0 di quelle comunicazioni &#8211; che le giungevano in piena coscienza e non tramite fenomeni di trance &#8211; la convinsero che si trattasse proprio dell\u2019amato Sigwart. Consapevole dei giudizi negativi che il maestro di Sigwart, Rudolf Steiner, aveva sempre dato delle comunicazioni dall\u2019Aldil\u00e0, e non ancora certa dell\u2019autenticit\u00e0 dei messaggi, un giorno la famiglia mand\u00f2 Marie da Steiner. Si rec\u00f2 dunque a Berlino e gli lasci\u00f2 i quaderni con i messaggi del cognato con l\u2019accordo di rivedersi dopo un paio di settimane. Venne il giorno dell\u2019appuntamento, e Marie era in ansiosa attesa di sapere cosa le avrebbe detto il Maestro su questa vicenda per certi versi contraria allo spirito dell\u2019Antroposofia.<\/p><p>\u00abCosa dir\u00e0?\u00bb si domandava dunque Marie, in attesa di incontrare Steiner. \u00abQuesta domanda stava davanti a me a lettere cubitali, perch\u00e9 nel frattempo in me si era molto rafforzata la fiducia verso l\u2019identit\u00e0 di Sigwart. Per un\u2019ora e tre quarti il Dr. Steiner mi spieg\u00f2 accuratamente, pagina per pagina, le comunicazioni [di Sigwart] mettendo nella giusta luce quelle che non avevo compreso, spiegando cosa aveva inteso Sigwart con questo o quello, e mi pose delle domande. Mentre leggeva, annuiva spesso con il capo, esclamando con approvazione: \u201cQuesto \u00e8 descritto molto bene\u201d \u2013 \u201cBen espresso\u201d \u2013 \u201cDefinizione precisa\u201d \u2013 \u201cS\u00ed, le esecuzioni musicali, quelle sono realt\u00e0\u201d. Attesi inutilmente obiezioni a una qualche comunicazione; non ve ne furono! Accomiatandosi mi disse: \u201cS\u00ed, queste sono comunicazioni straordinariamente chiare e assolutamente autentiche dei Mondi spirituali. Non vedo ragione alcuna per sconsigliarLe di continuare ad ascoltarle\u2026\u201d. Nel salutarci, ancora una volta sottoline\u00f2 che comunicazioni di questo genere erano molto rare. Io sentii che era veramente felice di questo e che avevamo condiviso questa gioia\u00bb.<\/p><p>Le comunicazioni di Sigwart proseguirono per anni e vennero raccolte devotamente e riservatamente dalla famiglia. Fino a che, il 25 aprile 1932, arriv\u00f2 questo messaggio: \u00ab\u00c8 giunto il momento in cui i doni divini che abbiamo lasciato elargire da nostro fratello Sigwart devono diffondersi in circoli pi\u00fa ampi. Quanto da lui vi \u00e8 stato comunicato deve essere diffuso per donare benedizione, per alleviare sofferenze, per aiutare le persone ed indicare loro la via verso la Luce. Il momento \u00e8 arrivato!\u00bb. Da allora le comunicazioni di Sigwart sono state pubblicate in volume e tradotte in molte lingue del mondo.<\/p><p>In questo spazio inseriremo via via la traduzione italiana dei messaggi di Sigwart pubblicati in \u201cBr\u00fccke \u00fcber den Strom: Sigwarts Mitteilungen aus dem Leben nach dem Tod\u201d.<\/p><p><em>Piero Cammerinesi<\/em><\/p>\t\t\t\t\t\t\t\t<\/div>\n\t\t\t\t<\/div>\n\t\t\t\t\t<\/div>\n\t\t<\/div>\n\t\t\t\t<div class=\"elementor-column elementor-col-50 elementor-inner-column elementor-element elementor-element-8f6b10b\" data-id=\"8f6b10b\" data-element_type=\"column\" data-e-type=\"column\">\n\t\t\t<div class=\"elementor-widget-wrap elementor-element-populated\">\n\t\t\t\t\t\t<div class=\"elementor-element elementor-element-be3e304 elementor-align-center elementor-widget elementor-widget-button\" data-id=\"be3e304\" data-element_type=\"widget\" data-e-type=\"widget\" data-widget_type=\"button.default\">\n\t\t\t\t<div class=\"elementor-widget-container\">\n\t\t\t\t\t\t\t\t\t<div class=\"elementor-button-wrapper\">\n\t\t\t\t\t<a class=\"elementor-button elementor-button-link elementor-size-sm\" href=\"https:\/\/www.liberopensare.com\/botho-sigwart-opere\/\">\n\t\t\t\t\t\t<span class=\"elementor-button-content-wrapper\">\n\t\t\t\t\t\t\t\t\t<span class=\"elementor-button-text\">Vai alle Opere<\/span>\n\t\t\t\t\t<\/span>\n\t\t\t\t\t<\/a>\n\t\t\t\t<\/div>\n\t\t\t\t\t\t\t\t<\/div>\n\t\t\t\t<\/div>\n\t\t\t\t\t<\/div>\n\t\t<\/div>\n\t\t\t\t\t<\/div>\n\t\t<\/section>\n\t\t\t\t\t<\/div>\n\t\t<\/div>\n\t\t\t\t\t<\/div>\n\t\t<\/section>\n\t\t\t\t<\/div>\n\t\t","protected":false},"excerpt":{"rendered":"<p>Botho Sigwart Botho Sigwart, conte di Eulenburg, figlio del diplomatico prussiano Philipp Graf zu Eulenburg e di Augusta, contessa di Sandels, nacque a Monaco nel 1884, ereditando, insieme alla sorella pi\u00fa piccola, Tora, le disposizioni musicali paterne. A soli 7 anni scriveva Lieder ad orecchio e a 8 anni componeva ed eseguiva Lieder e musica [&hellip;]<\/p>\n","protected":false},"author":1,"featured_media":0,"parent":0,"menu_order":0,"comment_status":"closed","ping_status":"closed","template":"elementor_header_footer","meta":{"footnotes":""},"class_list":["post-5678","page","type-page","status-publish","hentry"],"_links":{"self":[{"href":"https:\/\/www.liberopensare.com\/en\/wp-json\/wp\/v2\/pages\/5678","targetHints":{"allow":["GET"]}}],"collection":[{"href":"https:\/\/www.liberopensare.com\/en\/wp-json\/wp\/v2\/pages"}],"about":[{"href":"https:\/\/www.liberopensare.com\/en\/wp-json\/wp\/v2\/types\/page"}],"author":[{"embeddable":true,"href":"https:\/\/www.liberopensare.com\/en\/wp-json\/wp\/v2\/users\/1"}],"replies":[{"embeddable":true,"href":"https:\/\/www.liberopensare.com\/en\/wp-json\/wp\/v2\/comments?post=5678"}],"version-history":[{"count":0,"href":"https:\/\/www.liberopensare.com\/en\/wp-json\/wp\/v2\/pages\/5678\/revisions"}],"wp:attachment":[{"href":"https:\/\/www.liberopensare.com\/en\/wp-json\/wp\/v2\/media?parent=5678"}],"curies":[{"name":"wp","href":"https:\/\/api.w.org\/{rel}","templated":true}]}}