{"id":5711,"date":"2019-09-30T13:56:15","date_gmt":"2019-09-30T13:56:15","guid":{"rendered":"https:\/\/www.liberopensare.com\/?page_id=5711"},"modified":"2022-10-31T13:05:37","modified_gmt":"2022-10-31T12:05:37","slug":"giovanni-colazza-biografia","status":"publish","type":"page","link":"https:\/\/www.liberopensare.com\/en\/giovanni-colazza-biografia\/","title":{"rendered":"Giovanni Colazza &#8211; Biografia"},"content":{"rendered":"\t\t<div data-elementor-type=\"wp-page\" data-elementor-id=\"5711\" class=\"elementor elementor-5711\" data-elementor-settings=\"{&quot;element_pack_global_tooltip_width&quot;:{&quot;unit&quot;:&quot;px&quot;,&quot;size&quot;:&quot;&quot;,&quot;sizes&quot;:[]},&quot;element_pack_global_tooltip_width_tablet&quot;:{&quot;unit&quot;:&quot;px&quot;,&quot;size&quot;:&quot;&quot;,&quot;sizes&quot;:[]},&quot;element_pack_global_tooltip_width_mobile&quot;:{&quot;unit&quot;:&quot;px&quot;,&quot;size&quot;:&quot;&quot;,&quot;sizes&quot;:[]},&quot;element_pack_global_tooltip_padding&quot;:{&quot;unit&quot;:&quot;px&quot;,&quot;top&quot;:&quot;&quot;,&quot;right&quot;:&quot;&quot;,&quot;bottom&quot;:&quot;&quot;,&quot;left&quot;:&quot;&quot;,&quot;isLinked&quot;:true},&quot;element_pack_global_tooltip_padding_tablet&quot;:{&quot;unit&quot;:&quot;px&quot;,&quot;top&quot;:&quot;&quot;,&quot;right&quot;:&quot;&quot;,&quot;bottom&quot;:&quot;&quot;,&quot;left&quot;:&quot;&quot;,&quot;isLinked&quot;:true},&quot;element_pack_global_tooltip_padding_mobile&quot;:{&quot;unit&quot;:&quot;px&quot;,&quot;top&quot;:&quot;&quot;,&quot;right&quot;:&quot;&quot;,&quot;bottom&quot;:&quot;&quot;,&quot;left&quot;:&quot;&quot;,&quot;isLinked&quot;:true},&quot;element_pack_global_tooltip_border_radius&quot;:{&quot;unit&quot;:&quot;px&quot;,&quot;top&quot;:&quot;&quot;,&quot;right&quot;:&quot;&quot;,&quot;bottom&quot;:&quot;&quot;,&quot;left&quot;:&quot;&quot;,&quot;isLinked&quot;:true},&quot;element_pack_global_tooltip_border_radius_tablet&quot;:{&quot;unit&quot;:&quot;px&quot;,&quot;top&quot;:&quot;&quot;,&quot;right&quot;:&quot;&quot;,&quot;bottom&quot;:&quot;&quot;,&quot;left&quot;:&quot;&quot;,&quot;isLinked&quot;:true},&quot;element_pack_global_tooltip_border_radius_mobile&quot;:{&quot;unit&quot;:&quot;px&quot;,&quot;top&quot;:&quot;&quot;,&quot;right&quot;:&quot;&quot;,&quot;bottom&quot;:&quot;&quot;,&quot;left&quot;:&quot;&quot;,&quot;isLinked&quot;:true}}\" data-elementor-post-type=\"page\">\n\t\t\t\t\t\t<section class=\"elementor-section elementor-top-section elementor-element elementor-element-76ba079 elementor-section-boxed elementor-section-height-default elementor-section-height-default\" data-id=\"76ba079\" data-element_type=\"section\" data-e-type=\"section\" data-settings=\"{&quot;jet_parallax_layout_list&quot;:[{&quot;jet_parallax_layout_image&quot;:{&quot;url&quot;:&quot;&quot;,&quot;id&quot;:&quot;&quot;,&quot;size&quot;:&quot;&quot;},&quot;_id&quot;:&quot;2c5a6a6&quot;,&quot;jet_parallax_layout_image_tablet&quot;:{&quot;url&quot;:&quot;&quot;,&quot;id&quot;:&quot;&quot;,&quot;size&quot;:&quot;&quot;},&quot;jet_parallax_layout_image_mobile&quot;:{&quot;url&quot;:&quot;&quot;,&quot;id&quot;:&quot;&quot;,&quot;size&quot;:&quot;&quot;},&quot;jet_parallax_layout_speed&quot;:{&quot;unit&quot;:&quot;%&quot;,&quot;size&quot;:50,&quot;sizes&quot;:[]},&quot;jet_parallax_layout_type&quot;:&quot;scroll&quot;,&quot;jet_parallax_layout_direction&quot;:&quot;1&quot;,&quot;jet_parallax_layout_fx_direction&quot;:null,&quot;jet_parallax_layout_z_index&quot;:&quot;&quot;,&quot;jet_parallax_layout_bg_x&quot;:50,&quot;jet_parallax_layout_bg_x_tablet&quot;:&quot;&quot;,&quot;jet_parallax_layout_bg_x_mobile&quot;:&quot;&quot;,&quot;jet_parallax_layout_bg_y&quot;:50,&quot;jet_parallax_layout_bg_y_tablet&quot;:&quot;&quot;,&quot;jet_parallax_layout_bg_y_mobile&quot;:&quot;&quot;,&quot;jet_parallax_layout_bg_size&quot;:&quot;auto&quot;,&quot;jet_parallax_layout_bg_size_tablet&quot;:&quot;&quot;,&quot;jet_parallax_layout_bg_size_mobile&quot;:&quot;&quot;,&quot;jet_parallax_layout_animation_prop&quot;:&quot;transform&quot;,&quot;jet_parallax_layout_on&quot;:[&quot;desktop&quot;,&quot;tablet&quot;]}],&quot;background_background&quot;:&quot;classic&quot;}\">\n\t\t\t\t\t\t<div class=\"elementor-container elementor-column-gap-default\">\n\t\t\t\t\t<div class=\"elementor-column elementor-col-100 elementor-top-column elementor-element elementor-element-a5f6107\" data-id=\"a5f6107\" data-element_type=\"column\" data-e-type=\"column\">\n\t\t\t<div class=\"elementor-widget-wrap elementor-element-populated\">\n\t\t\t\t\t\t<section class=\"elementor-section elementor-inner-section elementor-element elementor-element-47ec6d42 elementor-section-boxed elementor-section-height-default elementor-section-height-default\" data-id=\"47ec6d42\" data-element_type=\"section\" data-e-type=\"section\" data-settings=\"{&quot;jet_parallax_layout_list&quot;:[{&quot;jet_parallax_layout_image&quot;:{&quot;url&quot;:&quot;&quot;,&quot;id&quot;:&quot;&quot;,&quot;size&quot;:&quot;&quot;},&quot;_id&quot;:&quot;8fc0b60&quot;,&quot;jet_parallax_layout_image_tablet&quot;:{&quot;url&quot;:&quot;&quot;,&quot;id&quot;:&quot;&quot;,&quot;size&quot;:&quot;&quot;},&quot;jet_parallax_layout_image_mobile&quot;:{&quot;url&quot;:&quot;&quot;,&quot;id&quot;:&quot;&quot;,&quot;size&quot;:&quot;&quot;},&quot;jet_parallax_layout_speed&quot;:{&quot;unit&quot;:&quot;%&quot;,&quot;size&quot;:50,&quot;sizes&quot;:[]},&quot;jet_parallax_layout_type&quot;:&quot;scroll&quot;,&quot;jet_parallax_layout_direction&quot;:&quot;1&quot;,&quot;jet_parallax_layout_fx_direction&quot;:null,&quot;jet_parallax_layout_z_index&quot;:&quot;&quot;,&quot;jet_parallax_layout_bg_x&quot;:50,&quot;jet_parallax_layout_bg_x_tablet&quot;:&quot;&quot;,&quot;jet_parallax_layout_bg_x_mobile&quot;:&quot;&quot;,&quot;jet_parallax_layout_bg_y&quot;:50,&quot;jet_parallax_layout_bg_y_tablet&quot;:&quot;&quot;,&quot;jet_parallax_layout_bg_y_mobile&quot;:&quot;&quot;,&quot;jet_parallax_layout_bg_size&quot;:&quot;auto&quot;,&quot;jet_parallax_layout_bg_size_tablet&quot;:&quot;&quot;,&quot;jet_parallax_layout_bg_size_mobile&quot;:&quot;&quot;,&quot;jet_parallax_layout_animation_prop&quot;:&quot;transform&quot;,&quot;jet_parallax_layout_on&quot;:[&quot;desktop&quot;,&quot;tablet&quot;]}]}\">\n\t\t\t\t\t\t<div class=\"elementor-container elementor-column-gap-default\">\n\t\t\t\t\t<div class=\"elementor-column elementor-col-50 elementor-inner-column elementor-element elementor-element-1fc7201d\" data-id=\"1fc7201d\" data-element_type=\"column\" data-e-type=\"column\">\n\t\t\t<div class=\"elementor-widget-wrap elementor-element-populated\">\n\t\t\t\t\t\t<div class=\"elementor-element elementor-element-155ee20c elementor-widget elementor-widget-heading\" data-id=\"155ee20c\" data-element_type=\"widget\" data-e-type=\"widget\" data-widget_type=\"heading.default\">\n\t\t\t\t<div class=\"elementor-widget-container\">\n\t\t\t\t\t<h2 class=\"elementor-heading-title elementor-size-default\">Giovanni Colazza<\/h2>\t\t\t\t<\/div>\n\t\t\t\t<\/div>\n\t\t\t\t<div class=\"elementor-element elementor-element-3f58abed elementor-widget elementor-widget-text-editor\" data-id=\"3f58abed\" data-element_type=\"widget\" data-e-type=\"widget\" data-widget_type=\"text-editor.default\">\n\t\t\t\t<div class=\"elementor-widget-container\">\n\t\t\t\t\t\t\t\t\t<p><img fetchpriority=\"high\" decoding=\"async\" class=\"size-full wp-image-27 alignleft\" src=\"https:\/\/www.liberopensare.com\/wp-content\/uploads\/1970\/01\/Colazza.jpg\" alt=\"Colazza\" width=\"250\" height=\"296\" \/>Era il 1911 e Rudolf Steiner veniva per la terza volta in Italia. Ma questa volta, diversamente dalle precedenti, era venuto \u2013 secondo la testimonianza della baronessa Olga de Gr\u00fcnewald &#8211; espressamente \u201ca conoscere il dottor Colazza, perch\u00e9 questi gli era stato indicato dal Mondo Spirituale\u201d.<\/p><p>Cos\u00ec descrisse l\u2019avvenimento Massimo Scaligero nel suo Dallo Yoga alla Rosacroce:<br \/>\u201cSteiner era venuto in Italia per incontrare Colazza, previa conoscenza del grado della sua personalit\u00e0, in previsione di un\u2019opera da compiere, in senso rituale e trascendente, con un ristretto numero di discepoli esotericamente qualificati. L\u2019opera avrebbe avuto simultaneamente funzione cosmica, umana e storica, epper\u00f2 si sarebbe svolta grazie al concorso di Guide visibili ed invisibili dell\u2019umanit\u00e0, in una citt\u00e0 dell\u2019Europa Centrale.<br \/>Doveva essere il compimento di un rito, la cui entelechia, necessaria al fatidico momento della storia umana, esigeva dai discepoli partecipi un trascendimento assoluto dell\u2019elemento umano epper\u00f2 un atto di coraggio per superare la Soglia del Mondo Spirituale e stabilire un incontro l\u00e0 dove \u00e8 istaurabile, come veicolo di visione, la pax profonda\u201d.<\/p><p>Giovanni Colazza nacque a Roma il 9 agosto 1877 in una famiglia dell\u2019alta borghesia. Ebbe formazione classica, laureandosi poi nel 1902 in Medicina e Chirurgia presso l\u2019Universit\u00e0 La Sapienza di Roma.Fin da giovane fu attratto dall\u2019esoterismo &#8211; orientale e occidentale \u2013 e, tramite l\u2019amicizia con Marie Von Sivers, futura moglie di Steiner, entr\u00f2 in contatto con l\u2019Antroposofia.Fu proprio Marie Steiner a organizzare il primo incontro tra i due, che avvenne in Piazza di Spagna a Roma. Racconta un testimone: \u201cRudolf Steiner era accompagnato da Marie von Sivers, che doveva fare le presentazioni. Lasciando indietro di qualche passo la von Sivers, lo Steiner mosse con passo deciso verso il Colazza, consegnando nelle sue mani senza preamboli un libro. Il libro era in francese e il suo titolo era L\u2019Initiation.\u201d<\/p><p>Colazza fu uno dei discepoli pi\u00f9 legati a Steiner, il quale &#8211; con la fondazione del Gruppo Novalis &#8211; gli affid\u00f2 il compito di dirigere il Movimento antroposofico in Italia. Egli manteneva vivo il legame con il Dottore e con il progredire del lavoro antroposofico con viaggi a Dornach che effettuava a cadenza annuale.<\/p><p>Giovanni Colazza era persona molto taciturna, ma dotata di straordinario carisma; diversamente da altri esoteristi la sua personalit\u00e0 e il suo \u2013 diremmo oggi \u2013 stile di vita era molto anticonformista e talvolta \u2018scandalizzava\u2019 gli antroposofi con le sue frequentazioni femminili, tanto che essi facevano fatica a capire le ragioni della fiducia che Steiner aveva riposte nel medico italiano.<\/p><p>Massimo Scaligero, che fu suo diretto discepolo, rivel\u00f2 che Colazza, oltre all\u2019incarico di fondare la Societ\u00e0 Antroposofica in Italia, ebbe anche quello di sviluppare l\u2019aspetto pi\u00f9 squisitamente esoterico dell\u2019Antroposofia, grazie alla sua partecipazione alla \u201cSezione Esoterica\u201d prima, e alla \u201cClasse\u201d poi.<\/p><p>Ancora secondo la testimonianza di Olga de Gr\u00fcnewald, Giovanni Colazza \u201cnon solo era il discepolo pi\u00f9 caro a Rudolf Steiner, ma la figura pi\u00f9 elevata dopo di lui\u201d.<\/p><p>Nel 1916-17 Colazza combatt\u00e8 in trincea \u2013 come ufficiale medico di campo &#8211; nella prima guerra mondiale.Dopo il conflitto divenne molto noto nel campo medico, tanto da diventare il medico ufficiale di molte Ambasciate straniere. Era tuttavia al tempo stesso \u201cmedico dei poveri\u201d mettendosi generosamente a disposizione di tutti, con instancabile dedizione.Dal 1944 inizi\u00f2 una serrata attivit\u00e0 di conferenziere che prosegu\u00ec ininterrottamente sino alla morte.Avendo deciso di non mettere per iscritto i suoi pensieri fu uno straordinario maestro dell\u2019uso della parola e del silenzio. Qualit\u00e0 che lo faceva assomigliare a un guru orientale.Di lui rimangono gli articoli firmati con lo pseudonimo Leo, pubblicati nella rivista Ur, le cui annate vennero poi raccolte come Introduzione alla Magia Come Scienza dell\u2019Io.<\/p><p>Esiste, inoltre, un ciclo di conferenze a commento del libro di Steiner Come si Conseguono conoscenze dei Mondi Superiori?.<\/p><p>Mor\u00ec il 16 febbraio 1953, lasciando un\u2019eredit\u00e0 spirituale straordinaria che fu raccolta e portata avanti luminosamente da Massimo Scaligero.<\/p><p><em>Piero Cammerinesi<\/em><\/p>\t\t\t\t\t\t\t\t<\/div>\n\t\t\t\t<\/div>\n\t\t\t\t\t<\/div>\n\t\t<\/div>\n\t\t\t\t<div class=\"elementor-column elementor-col-50 elementor-inner-column elementor-element elementor-element-214884b1\" data-id=\"214884b1\" data-element_type=\"column\" data-e-type=\"column\">\n\t\t\t<div class=\"elementor-widget-wrap elementor-element-populated\">\n\t\t\t\t\t\t<div class=\"elementor-element elementor-element-f9bc56d elementor-align-center elementor-widget elementor-widget-button\" data-id=\"f9bc56d\" data-element_type=\"widget\" data-e-type=\"widget\" data-widget_type=\"button.default\">\n\t\t\t\t<div class=\"elementor-widget-container\">\n\t\t\t\t\t\t\t\t\t<div class=\"elementor-button-wrapper\">\n\t\t\t\t\t<a class=\"elementor-button elementor-button-link elementor-size-sm\" href=\"https:\/\/www.liberopensare.com\/giovanni-colazza-opere\">\n\t\t\t\t\t\t<span class=\"elementor-button-content-wrapper\">\n\t\t\t\t\t\t\t\t\t<span class=\"elementor-button-text\">Vai alle Opere<\/span>\n\t\t\t\t\t<\/span>\n\t\t\t\t\t<\/a>\n\t\t\t\t<\/div>\n\t\t\t\t\t\t\t\t<\/div>\n\t\t\t\t<\/div>\n\t\t\t\t\t<\/div>\n\t\t<\/div>\n\t\t\t\t\t<\/div>\n\t\t<\/section>\n\t\t\t\t\t<\/div>\n\t\t<\/div>\n\t\t\t\t\t<\/div>\n\t\t<\/section>\n\t\t\t\t<\/div>\n\t\t","protected":false},"excerpt":{"rendered":"<p>Giovanni Colazza Era il 1911 e Rudolf Steiner veniva per la terza volta in Italia. Ma questa volta, diversamente dalle precedenti, era venuto \u2013 secondo la testimonianza della baronessa Olga de Gr\u00fcnewald &#8211; espressamente \u201ca conoscere il dottor Colazza, perch\u00e9 questi gli era stato indicato dal Mondo Spirituale\u201d. Cos\u00ec descrisse l\u2019avvenimento Massimo Scaligero nel suo [&hellip;]<\/p>\n","protected":false},"author":1,"featured_media":0,"parent":0,"menu_order":0,"comment_status":"closed","ping_status":"closed","template":"elementor_header_footer","meta":{"footnotes":""},"class_list":["post-5711","page","type-page","status-publish","hentry"],"_links":{"self":[{"href":"https:\/\/www.liberopensare.com\/en\/wp-json\/wp\/v2\/pages\/5711","targetHints":{"allow":["GET"]}}],"collection":[{"href":"https:\/\/www.liberopensare.com\/en\/wp-json\/wp\/v2\/pages"}],"about":[{"href":"https:\/\/www.liberopensare.com\/en\/wp-json\/wp\/v2\/types\/page"}],"author":[{"embeddable":true,"href":"https:\/\/www.liberopensare.com\/en\/wp-json\/wp\/v2\/users\/1"}],"replies":[{"embeddable":true,"href":"https:\/\/www.liberopensare.com\/en\/wp-json\/wp\/v2\/comments?post=5711"}],"version-history":[{"count":0,"href":"https:\/\/www.liberopensare.com\/en\/wp-json\/wp\/v2\/pages\/5711\/revisions"}],"wp:attachment":[{"href":"https:\/\/www.liberopensare.com\/en\/wp-json\/wp\/v2\/media?parent=5711"}],"curies":[{"name":"wp","href":"https:\/\/api.w.org\/{rel}","templated":true}]}}