{"id":5742,"date":"2019-09-30T14:21:14","date_gmt":"2019-09-30T14:21:14","guid":{"rendered":"https:\/\/www.liberopensare.com\/?page_id=5742"},"modified":"2022-10-31T13:04:44","modified_gmt":"2022-10-31T12:04:44","slug":"fortunato-pavisi-biografia","status":"publish","type":"page","link":"https:\/\/www.liberopensare.com\/en\/fortunato-pavisi-biografia\/","title":{"rendered":"Fortunato Pavisi &#8211; Biografia"},"content":{"rendered":"<div data-elementor-type=\"wp-page\" data-elementor-id=\"5742\" class=\"elementor elementor-5742\" data-elementor-settings=\"{&quot;element_pack_global_tooltip_width&quot;:{&quot;unit&quot;:&quot;px&quot;,&quot;size&quot;:&quot;&quot;,&quot;sizes&quot;:[]},&quot;element_pack_global_tooltip_width_tablet&quot;:{&quot;unit&quot;:&quot;px&quot;,&quot;size&quot;:&quot;&quot;,&quot;sizes&quot;:[]},&quot;element_pack_global_tooltip_width_mobile&quot;:{&quot;unit&quot;:&quot;px&quot;,&quot;size&quot;:&quot;&quot;,&quot;sizes&quot;:[]},&quot;element_pack_global_tooltip_padding&quot;:{&quot;unit&quot;:&quot;px&quot;,&quot;top&quot;:&quot;&quot;,&quot;right&quot;:&quot;&quot;,&quot;bottom&quot;:&quot;&quot;,&quot;left&quot;:&quot;&quot;,&quot;isLinked&quot;:true},&quot;element_pack_global_tooltip_padding_tablet&quot;:{&quot;unit&quot;:&quot;px&quot;,&quot;top&quot;:&quot;&quot;,&quot;right&quot;:&quot;&quot;,&quot;bottom&quot;:&quot;&quot;,&quot;left&quot;:&quot;&quot;,&quot;isLinked&quot;:true},&quot;element_pack_global_tooltip_padding_mobile&quot;:{&quot;unit&quot;:&quot;px&quot;,&quot;top&quot;:&quot;&quot;,&quot;right&quot;:&quot;&quot;,&quot;bottom&quot;:&quot;&quot;,&quot;left&quot;:&quot;&quot;,&quot;isLinked&quot;:true},&quot;element_pack_global_tooltip_border_radius&quot;:{&quot;unit&quot;:&quot;px&quot;,&quot;top&quot;:&quot;&quot;,&quot;right&quot;:&quot;&quot;,&quot;bottom&quot;:&quot;&quot;,&quot;left&quot;:&quot;&quot;,&quot;isLinked&quot;:true},&quot;element_pack_global_tooltip_border_radius_tablet&quot;:{&quot;unit&quot;:&quot;px&quot;,&quot;top&quot;:&quot;&quot;,&quot;right&quot;:&quot;&quot;,&quot;bottom&quot;:&quot;&quot;,&quot;left&quot;:&quot;&quot;,&quot;isLinked&quot;:true},&quot;element_pack_global_tooltip_border_radius_mobile&quot;:{&quot;unit&quot;:&quot;px&quot;,&quot;top&quot;:&quot;&quot;,&quot;right&quot;:&quot;&quot;,&quot;bottom&quot;:&quot;&quot;,&quot;left&quot;:&quot;&quot;,&quot;isLinked&quot;:true}}\" data-elementor-post-type=\"page\">\n\t\t\t\t\t\t<section class=\"elementor-section elementor-top-section elementor-element elementor-element-4e9b1af5 elementor-section-boxed elementor-section-height-default elementor-section-height-default\" data-id=\"4e9b1af5\" data-element_type=\"section\" data-e-type=\"section\" data-settings=\"{&quot;jet_parallax_layout_list&quot;:[{&quot;jet_parallax_layout_image&quot;:{&quot;url&quot;:&quot;&quot;,&quot;id&quot;:&quot;&quot;,&quot;size&quot;:&quot;&quot;},&quot;_id&quot;:&quot;2c5a6a6&quot;,&quot;jet_parallax_layout_image_tablet&quot;:{&quot;url&quot;:&quot;&quot;,&quot;id&quot;:&quot;&quot;,&quot;size&quot;:&quot;&quot;},&quot;jet_parallax_layout_image_mobile&quot;:{&quot;url&quot;:&quot;&quot;,&quot;id&quot;:&quot;&quot;,&quot;size&quot;:&quot;&quot;},&quot;jet_parallax_layout_speed&quot;:{&quot;unit&quot;:&quot;%&quot;,&quot;size&quot;:50,&quot;sizes&quot;:[]},&quot;jet_parallax_layout_type&quot;:&quot;scroll&quot;,&quot;jet_parallax_layout_direction&quot;:&quot;1&quot;,&quot;jet_parallax_layout_fx_direction&quot;:null,&quot;jet_parallax_layout_z_index&quot;:&quot;&quot;,&quot;jet_parallax_layout_bg_x&quot;:50,&quot;jet_parallax_layout_bg_x_tablet&quot;:&quot;&quot;,&quot;jet_parallax_layout_bg_x_mobile&quot;:&quot;&quot;,&quot;jet_parallax_layout_bg_y&quot;:50,&quot;jet_parallax_layout_bg_y_tablet&quot;:&quot;&quot;,&quot;jet_parallax_layout_bg_y_mobile&quot;:&quot;&quot;,&quot;jet_parallax_layout_bg_size&quot;:&quot;auto&quot;,&quot;jet_parallax_layout_bg_size_tablet&quot;:&quot;&quot;,&quot;jet_parallax_layout_bg_size_mobile&quot;:&quot;&quot;,&quot;jet_parallax_layout_animation_prop&quot;:&quot;transform&quot;,&quot;jet_parallax_layout_on&quot;:[&quot;desktop&quot;,&quot;tablet&quot;]}],&quot;background_background&quot;:&quot;classic&quot;}\">\n\t\t\t\t\t\t<div class=\"elementor-container elementor-column-gap-default\">\n\t\t\t\t\t<div class=\"elementor-column elementor-col-100 elementor-top-column elementor-element elementor-element-5275bbed\" data-id=\"5275bbed\" data-element_type=\"column\" data-e-type=\"column\">\n\t\t\t<div class=\"elementor-widget-wrap elementor-element-populated\">\n\t\t\t\t\t\t<section class=\"elementor-section elementor-inner-section elementor-element elementor-element-1932574 elementor-section-boxed elementor-section-height-default elementor-section-height-default\" data-id=\"1932574\" data-element_type=\"section\" data-e-type=\"section\" data-settings=\"{&quot;jet_parallax_layout_list&quot;:[{&quot;jet_parallax_layout_image&quot;:{&quot;url&quot;:&quot;&quot;,&quot;id&quot;:&quot;&quot;,&quot;size&quot;:&quot;&quot;},&quot;_id&quot;:&quot;8fc0b60&quot;,&quot;jet_parallax_layout_image_tablet&quot;:{&quot;url&quot;:&quot;&quot;,&quot;id&quot;:&quot;&quot;,&quot;size&quot;:&quot;&quot;},&quot;jet_parallax_layout_image_mobile&quot;:{&quot;url&quot;:&quot;&quot;,&quot;id&quot;:&quot;&quot;,&quot;size&quot;:&quot;&quot;},&quot;jet_parallax_layout_speed&quot;:{&quot;unit&quot;:&quot;%&quot;,&quot;size&quot;:50,&quot;sizes&quot;:[]},&quot;jet_parallax_layout_type&quot;:&quot;scroll&quot;,&quot;jet_parallax_layout_direction&quot;:&quot;1&quot;,&quot;jet_parallax_layout_fx_direction&quot;:null,&quot;jet_parallax_layout_z_index&quot;:&quot;&quot;,&quot;jet_parallax_layout_bg_x&quot;:50,&quot;jet_parallax_layout_bg_x_tablet&quot;:&quot;&quot;,&quot;jet_parallax_layout_bg_x_mobile&quot;:&quot;&quot;,&quot;jet_parallax_layout_bg_y&quot;:50,&quot;jet_parallax_layout_bg_y_tablet&quot;:&quot;&quot;,&quot;jet_parallax_layout_bg_y_mobile&quot;:&quot;&quot;,&quot;jet_parallax_layout_bg_size&quot;:&quot;auto&quot;,&quot;jet_parallax_layout_bg_size_tablet&quot;:&quot;&quot;,&quot;jet_parallax_layout_bg_size_mobile&quot;:&quot;&quot;,&quot;jet_parallax_layout_animation_prop&quot;:&quot;transform&quot;,&quot;jet_parallax_layout_on&quot;:[&quot;desktop&quot;,&quot;tablet&quot;]}]}\">\n\t\t\t\t\t\t<div class=\"elementor-container elementor-column-gap-default\">\n\t\t\t\t\t<div class=\"elementor-column elementor-col-50 elementor-inner-column elementor-element elementor-element-30dd2bb\" data-id=\"30dd2bb\" data-element_type=\"column\" data-e-type=\"column\">\n\t\t\t<div class=\"elementor-widget-wrap elementor-element-populated\">\n\t\t\t\t\t\t<div class=\"elementor-element elementor-element-9e9d96d elementor-widget elementor-widget-heading\" data-id=\"9e9d96d\" data-element_type=\"widget\" data-e-type=\"widget\" data-widget_type=\"heading.default\">\n\t\t\t\t<div class=\"elementor-widget-container\">\n\t\t\t\t\t<h2 class=\"elementor-heading-title elementor-size-default\">Fortunato Pavisi<\/h2>\t\t\t\t<\/div>\n\t\t\t\t<\/div>\n\t\t\t\t<div class=\"elementor-element elementor-element-63b0f1c4 elementor-widget elementor-widget-text-editor\" data-id=\"63b0f1c4\" data-element_type=\"widget\" data-e-type=\"widget\" data-widget_type=\"text-editor.default\">\n\t\t\t\t<div class=\"elementor-widget-container\">\n\t\t\t\t\t\t\t\t\t<p><img fetchpriority=\"high\" decoding=\"async\" class=\"size-medium wp-image-29 alignleft\" src=\"https:\/\/www.liberopensare.com\/wp-content\/uploads\/1970\/01\/fortunato_pavisi-227x300.jpg\" alt=\"fortunato pavisi\" width=\"227\" height=\"300\" srcset=\"https:\/\/www.liberopensare.com\/wp-content\/uploads\/1970\/01\/fortunato_pavisi-227x300.jpg 227w, https:\/\/www.liberopensare.com\/wp-content\/uploads\/1970\/01\/fortunato_pavisi.jpg 350w\" sizes=\"(max-width: 227px) 100vw, 227px\" \/>Fortunato Pavisi (Gorizia 1\u00b0 marzo 1911, Trieste 31 luglio 1948).<\/p><p>fortunato pavisiMorte di un poeta<\/p><p>La giovane moglie narrava: \u201cPer due volte egli disse: \u201cCristo \u00e8 risorto\u201d ed io mi accorsi bene che vedeva qualche cosa. Furono le ultime sue parole.\u201d<br \/>Eravamo sole nella stanza piccoletta, dove per ben otto mesi avevamo abitato insieme: da quando lui, prossimo alla morte, l\u2019aveva sposata in extremis. Avevano portato fuori uno dei due letti ed al suo posto, su un sostegno basso, stava la bara, aperta. Sotto un leggero velo traspariva il bel volto di lui, simile ad un fanciullo addormentato; sul petto spiccava una grossa croce d\u2019oro.<br \/>Lei disse: \u201cVorrei conoscere le parole adatte, per accompagnarlo ora e sempre\u201d. Le avevo scritte ed insieme le leggemmo; un palpito aleggi\u00f2 intorno al velo.<br \/>Noi sapevamo: egli ci ascolta \u2013 eravamo in tre nella stanzetta.<br \/>Dissi ancora: \u201cMarcella, da 20 anni lo conoscevo sempre fedele a s\u00e9 stesso nella ineguagliabile dignit\u00e0, con lo sguardo luminoso sotto la fronte nobile. Era allora un giovanetto, aveva diciassette anni. L\u2019antroposofia l\u2019aveva afferrato tutto e noi non parlavamo mai d\u2019altro. Quasi nulla so della sua vita privata. Mi dice Lei qualche cosa ora, se vuole\u201d.<br \/>Rispose: \u201cQuando Fortunato nacque, suo padre era gi\u00e0 morto. La madre sola, visse in quell\u2019epoca una tragedia terribile. Dopo pochi mesi dovette affidare il bambino alle sorelle e part\u00ec per sempre per necessit\u00e0 di vita. Si stabil\u00ec in Egitto dove adesso ha famiglia. Fortunato le ha voluto un gran bene. Egli rimase con gli zii ma era un bimbo tanto vivace che non sapevano come tenerlo. Durante la guerra lo zio and\u00f2 in Italia profugo e lui venne messo in un collegio e questa fu la sua sventura. Aveva 5 o 6 anni e la zia preoccupata di non averne notizie, and\u00f2 a trovarlo. Orrore! Le suore a cui era affidato lo avevano trascurato a tal punto che egli stava morendo di fame. Si era cibato per un pezzo dei frutti marci del giardino, non camminava, non parlava pi\u00f9 ed i suoi capelli erano tutti bianchi; per un anno intero rimase all\u2019ospedale, nutrito di latte che gli porgevano con la bottiglietta come ai neonati: non aveva la forza di mangiare.<br \/>Si salv\u00f2 ma non ebbe mai la pienezza della salute\u201d.<br \/>Ascoltavo, col cuore stretto e pensavo: povero bambino, povero Fortunato! Marcella continu\u00f2: \u201cEra ragioniere, ma volle dedicarsi all\u2019insegnamento; di nascosto dalla famiglia, sostenne l\u2019esame di maestro, e vinse un concorso; si stabil\u00ec a Fiume\u201d. Sapevo tutto questo poich\u00e9 era avvenuto dopo la sua assunzione nella Societ\u00e0 Antroposofica.<br \/>Prima di andare a Fiume era stato in Egitto per curarsi della malattia polmonare che doveva ucciderlo. Era stato a Firenze per imparare meglio la nostra lingua.<br \/>Poeta nato, di grande versatilit\u00e0 conosceva varie lingue, ma anche in questo era orfano, poich\u00e9 nessuna poteva dirsi la sua madrelingua, n\u00e9 si arrendeva all\u2019ispirazione. Conscio di tale difficolt\u00e0 e chiss\u00e0 con quanto dolore studi\u00f2 e si dedic\u00f2 alle scienze.<br \/>Dopo la liberazione venne a Trieste, malatissimo. Fiume non riceveva rifornimenti ed era impossibile procurarsi dei viveri. Giunse estenuato e subito ritorn\u00f2 al lavoro antroposofico, tenendo quasi ogni settimana delle conferenze, bellissime: parl\u00f2 della bomba atomica, della penicillina, di varie correnti storiche del passato e del presente, dell\u2019antica Atlantide, dei concetti di spazio, tempo e luce, in rapporto al Padre, al Figlio, allo Spirito Santo \u2026 e di tanto altro ancora.<br \/>Completava inoltre una vasta opera drammatica e poetica, in silenzio e quasi di nascosto. I suoi drammi: Ardjuna, La lampada che si spegne, Mariella, Una stirpe che si estingue, Il tesoro nascosto, Giuliano l\u2019Apostata, La sorte di Capaneo, Contro il destino, Redenzione, e le sue poesie dimostrano un progresso di stile ed una ricchezza di contenuto straordinari.<\/p><p>Egli aveva in s\u00e9 gli elementi di un grande, grandissimo Poeta.<br \/>Al funerale lo seguimmo tutti: la sposa ed i familiari non portavano il lutto, secondo il desiderio di lui. Marcella ci ricevette in abitino di nozze; il sacerdote che li aveva uniti offici\u00f2 la messa cantata, nella chiesetta piena di sole.<br \/>Seguimmo il feretro all\u2019ultima dimora, lo vedemmo inabissarsi tutto coperto di fiori; non una lagrima. La luminosit\u00e0 che eravamo abituati a vedere nello sguardo di lui, risplendeva oggi dal viso bianco della sposa. Illusione o realt\u00e0? Per tutto quel giorno un possente suono di campane sembrava risuonare dal cosmo. Una festivit\u00e0 serena era nell\u2019aria.<br \/>Ricordai l\u2019esperienza mistica, grandiosa, che Fortunato aveva avuto otto mesi prima. Sicuro di morire secondo il parere del medico e da come egli stesso si sentiva, chiese al sacerdote di unirlo in matrimonio con la dolce creatura che da dodici anni gli era promessa. Dopo la cerimonia, serenamente attese, le forze lo abbandonavano, egli non opponeva nessuna resistenza, quando un turbine di vento lo sollev\u00f2. Egli sapeva di essere nel mondo spirituale, assieme a lui il suo Maestro, il nostro Maestro, Rudolph Steiner. Le parole della fondazione della Societ\u00e0 Antroposofica riempivano il cielo dei loro suoni, quali tuono, musica e poesia; egli ne comprese il valore per tutto l\u2019avvenire ed anche il mistero del suo proprio karma. Fortunato disse ancora molte altre cose, impossibili a ripetersi. Certo ebbe un\u2019esperienza iniziatica di grande valore; i medici lo videro riprendere coscienza con stupefazione. Visse ancora otto mesi.<br \/>Sempre a letto scrisse e disse delle cose bellissime; diede raro esempio di serenit\u00e0 e di sopportazione. Tutti gli amici lo andavano a trovare ma era una pena vederlo soffrire e deperire sempre di pi\u00f9. Con una stretta al cuore si scendeva per la viuzza del giardino, dopo aver passato con lui i brevi istanti di una visita, sempre piena di significato.<\/p><p>Fortunato, caro amico nostro, perdonaci!<br \/>Noi Ti compiangevamo tutti e dicevamo: \u201cChe peccato perdere a soli 37 anni un poeta pieno di promesse, un discepolo dell\u2019antroposofia, di cos\u00ec grande valore!\u201d, e ci sembrava ingiusta l\u2019opera del destino ed incompleta la Tua vita.<br \/>Non cos\u00ec oggi! Quale maggior compenso Ti poteva offrire la vita che non quella morte sacra, nella visione del Risorto? La Tua vita spirituale \u00e8 giunta alla meta. Le campane del cosmo risuonano, mentre ti accolgono pieni di grazia gli Angeli, gli Arcangeli, gli Archai. Fortunato, ben Ti chiam\u00f2 cos\u00ec, la mamma Tua, nell\u2019ora del dolore, perch\u00e9 oggi Tu sei FORTUNATO.<\/p><p><em>Maria Cassini<\/em><\/p>\t\t\t\t\t\t\t\t<\/div>\n\t\t\t\t<\/div>\n\t\t\t\t\t<\/div>\n\t\t<\/div>\n\t\t\t\t<div class=\"elementor-column elementor-col-50 elementor-inner-column elementor-element elementor-element-6d59448c\" data-id=\"6d59448c\" data-element_type=\"column\" data-e-type=\"column\">\n\t\t\t<div class=\"elementor-widget-wrap elementor-element-populated\">\n\t\t\t\t\t\t<div class=\"elementor-element elementor-element-d6dade2 elementor-align-center elementor-widget elementor-widget-button\" data-id=\"d6dade2\" data-element_type=\"widget\" data-e-type=\"widget\" data-widget_type=\"button.default\">\n\t\t\t\t<div class=\"elementor-widget-container\">\n\t\t\t\t\t\t\t\t\t<div class=\"elementor-button-wrapper\">\n\t\t\t\t\t<a class=\"elementor-button elementor-button-link elementor-size-sm\" href=\"https:\/\/www.liberopensare.com\/en\/fortunato-pavisi-opere\/\">\n\t\t\t\t\t\t<span class=\"elementor-button-content-wrapper\">\n\t\t\t\t\t\t\t\t\t<span class=\"elementor-button-text\">Vai alle Opere<\/span>\n\t\t\t\t\t<\/span>\n\t\t\t\t\t<\/a>\n\t\t\t\t<\/div>\n\t\t\t\t\t\t\t\t<\/div>\n\t\t\t\t<\/div>\n\t\t\t\t\t<\/div>\n\t\t<\/div>\n\t\t\t\t\t<\/div>\n\t\t<\/section>\n\t\t\t\t\t<\/div>\n\t\t<\/div>\n\t\t\t\t\t<\/div>\n\t\t<\/section>\n\t\t\t\t<\/div>","protected":false},"excerpt":{"rendered":"<p>Fortunato Pavisi Fortunato Pavisi (Gorizia 1\u00b0 marzo 1911, Trieste 31 luglio 1948). fortunato pavisiMorte di un poeta La giovane moglie narrava: \u201cPer due volte egli disse: \u201cCristo \u00e8 risorto\u201d ed io mi accorsi bene che vedeva qualche cosa. Furono le ultime sue parole.\u201dEravamo sole nella stanza piccoletta, dove per ben otto mesi avevamo abitato insieme: [&hellip;]<\/p>","protected":false},"author":1,"featured_media":0,"parent":0,"menu_order":0,"comment_status":"closed","ping_status":"closed","template":"elementor_header_footer","meta":{"footnotes":""},"class_list":["post-5742","page","type-page","status-publish","hentry"],"_links":{"self":[{"href":"https:\/\/www.liberopensare.com\/en\/wp-json\/wp\/v2\/pages\/5742","targetHints":{"allow":["GET"]}}],"collection":[{"href":"https:\/\/www.liberopensare.com\/en\/wp-json\/wp\/v2\/pages"}],"about":[{"href":"https:\/\/www.liberopensare.com\/en\/wp-json\/wp\/v2\/types\/page"}],"author":[{"embeddable":true,"href":"https:\/\/www.liberopensare.com\/en\/wp-json\/wp\/v2\/users\/1"}],"replies":[{"embeddable":true,"href":"https:\/\/www.liberopensare.com\/en\/wp-json\/wp\/v2\/comments?post=5742"}],"version-history":[{"count":0,"href":"https:\/\/www.liberopensare.com\/en\/wp-json\/wp\/v2\/pages\/5742\/revisions"}],"wp:attachment":[{"href":"https:\/\/www.liberopensare.com\/en\/wp-json\/wp\/v2\/media?parent=5742"}],"curies":[{"name":"wp","href":"https:\/\/api.w.org\/{rel}","templated":true}]}}