{"id":87474,"date":"2026-04-09T17:45:13","date_gmt":"2026-04-09T15:45:13","guid":{"rendered":"https:\/\/www.liberopensare.com\/?page_id=87474"},"modified":"2026-04-11T16:14:13","modified_gmt":"2026-04-11T14:14:13","slug":"donazione","status":"publish","type":"page","link":"https:\/\/www.liberopensare.com\/en\/donazione\/","title":{"rendered":"donazione"},"content":{"rendered":"<div data-elementor-type=\"wp-page\" data-elementor-id=\"87474\" class=\"elementor elementor-87474\" data-elementor-settings=\"{&quot;element_pack_global_tooltip_width&quot;:{&quot;unit&quot;:&quot;px&quot;,&quot;size&quot;:&quot;&quot;,&quot;sizes&quot;:[]},&quot;element_pack_global_tooltip_width_tablet&quot;:{&quot;unit&quot;:&quot;px&quot;,&quot;size&quot;:&quot;&quot;,&quot;sizes&quot;:[]},&quot;element_pack_global_tooltip_width_mobile&quot;:{&quot;unit&quot;:&quot;px&quot;,&quot;size&quot;:&quot;&quot;,&quot;sizes&quot;:[]},&quot;element_pack_global_tooltip_padding&quot;:{&quot;unit&quot;:&quot;px&quot;,&quot;top&quot;:&quot;&quot;,&quot;right&quot;:&quot;&quot;,&quot;bottom&quot;:&quot;&quot;,&quot;left&quot;:&quot;&quot;,&quot;isLinked&quot;:true},&quot;element_pack_global_tooltip_padding_tablet&quot;:{&quot;unit&quot;:&quot;px&quot;,&quot;top&quot;:&quot;&quot;,&quot;right&quot;:&quot;&quot;,&quot;bottom&quot;:&quot;&quot;,&quot;left&quot;:&quot;&quot;,&quot;isLinked&quot;:true},&quot;element_pack_global_tooltip_padding_mobile&quot;:{&quot;unit&quot;:&quot;px&quot;,&quot;top&quot;:&quot;&quot;,&quot;right&quot;:&quot;&quot;,&quot;bottom&quot;:&quot;&quot;,&quot;left&quot;:&quot;&quot;,&quot;isLinked&quot;:true},&quot;element_pack_global_tooltip_border_radius&quot;:{&quot;unit&quot;:&quot;px&quot;,&quot;top&quot;:&quot;&quot;,&quot;right&quot;:&quot;&quot;,&quot;bottom&quot;:&quot;&quot;,&quot;left&quot;:&quot;&quot;,&quot;isLinked&quot;:true},&quot;element_pack_global_tooltip_border_radius_tablet&quot;:{&quot;unit&quot;:&quot;px&quot;,&quot;top&quot;:&quot;&quot;,&quot;right&quot;:&quot;&quot;,&quot;bottom&quot;:&quot;&quot;,&quot;left&quot;:&quot;&quot;,&quot;isLinked&quot;:true},&quot;element_pack_global_tooltip_border_radius_mobile&quot;:{&quot;unit&quot;:&quot;px&quot;,&quot;top&quot;:&quot;&quot;,&quot;right&quot;:&quot;&quot;,&quot;bottom&quot;:&quot;&quot;,&quot;left&quot;:&quot;&quot;,&quot;isLinked&quot;:true}}\" data-elementor-post-type=\"page\">\n\t\t\t\t\t\t<section class=\"elementor-section elementor-top-section elementor-element elementor-element-990ca50 elementor-section-boxed elementor-section-height-default elementor-section-height-default\" data-id=\"990ca50\" data-element_type=\"section\" data-e-type=\"section\" data-settings=\"{&quot;jet_parallax_layout_list&quot;:[]}\">\n\t\t\t\t\t\t<div class=\"elementor-container elementor-column-gap-default\">\n\t\t\t\t\t<div class=\"elementor-column elementor-col-100 elementor-top-column elementor-element elementor-element-93b0b52\" data-id=\"93b0b52\" data-element_type=\"column\" data-e-type=\"column\">\n\t\t\t<div class=\"elementor-widget-wrap elementor-element-populated\">\n\t\t\t\t\t\t<div class=\"elementor-element elementor-element-361cc2c elementor-widget elementor-widget-heading\" data-id=\"361cc2c\" data-element_type=\"widget\" data-e-type=\"widget\" data-widget_type=\"heading.default\">\n\t\t\t\t<div class=\"elementor-widget-container\">\n\t\t\t\t\t<h2 class=\"elementor-heading-title elementor-size-default\">Supporta LiberoPensare<\/h2>\t\t\t\t<\/div>\n\t\t\t\t<\/div>\n\t\t\t\t<div class=\"elementor-element elementor-element-64bb01c elementor-widget elementor-widget-text-editor\" data-id=\"64bb01c\" data-element_type=\"widget\" data-e-type=\"widget\" data-widget_type=\"text-editor.default\">\n\t\t\t\t<div class=\"elementor-widget-container\">\n\t\t\t\t\t\t\t\t\t<p>Caro lettore,<\/p><p>LiberoPensare \u00e8 un blog che si occupa di spiritualit\u00e0, geopolitica, scienza ed attualit\u00e0.<br \/>Da oltre vent\u2019anni abbiamo messo a disposizione gratuitamente un vasto archivio di articoli, libri e video senza chiedere alcun sostegno n\u00e9 utilizzare pubblicit\u00e0 invadenti e fastidiose.<br \/>Tuttavia, non usufruendo di alcun finanziamento, siamo costretti da oggi a fare appello a libere donazioni per sostenere i crescenti costi di gestione.<\/p><p>La donazione \u00e8 libera da 10\u20ac e, per importi a partire da 50\u20ac, consentir\u00e0 l\u2019accesso ai servizi aggiuntivi di visualizzazione\/download degli articoli in formato PDF e dell\u2019ascolto audio degli articoli pi\u00f9 recenti.<\/p><p>\u2022\u2060 \u2060Donazione minima 50\u20ac: accesso ai servizi suddetti per 6 mesi dalla data della donazione<\/p><p>\u2022\u2060 \u2060Donazione minima 100\u20ac: accesso ai servizi suddetti per 12 mesi dalla data della donazione<\/p><p>Clicca il pulsante qui sotto per fare la tua donazione<\/p><p>Se trovi il nostro lavoro utile, aiutaci a portarlo avanti al meglio.<\/p>\t\t\t\t\t\t\t\t<\/div>\n\t\t\t\t<\/div>\n\t\t\t\t<div class=\"elementor-element elementor-element-17298ae elementor-align-center elementor-widget elementor-widget-button\" data-id=\"17298ae\" data-element_type=\"widget\" data-e-type=\"widget\" data-widget_type=\"button.default\">\n\t\t\t\t<div class=\"elementor-widget-container\">\n\t\t\t\t\t\t\t\t\t<div class=\"elementor-button-wrapper\">\n\t\t\t\t\t<a class=\"elementor-button elementor-button-link elementor-size-sm\" href=\"https:\/\/donate.stripe.com\/8x29AT9fa7579eQ4py4ow00\" target=\"_blank\" rel=\"noopener\">\n\t\t\t\t\t\t<span class=\"elementor-button-content-wrapper\">\n\t\t\t\t\t\t\t\t\t<span class=\"elementor-button-text\">DONA ORA<\/span>\n\t\t\t\t\t<\/span>\n\t\t\t\t\t<\/a>\n\t\t\t\t<\/div>\n\t\t\t\t\t\t\t\t<\/div>\n\t\t\t\t<\/div>\n\t\t\t\t\t<\/div>\n\t\t<\/div>\n\t\t\t\t\t<\/div>\n\t\t<\/section>\n\t\t\t\t<\/div>","protected":false},"excerpt":{"rendered":"<p>Supporta LiberoPensare Caro lettore, LiberoPensare \u00e8 un blog che si occupa di spiritualit\u00e0, geopolitica, scienza ed attualit\u00e0.Da oltre vent\u2019anni abbiamo messo a disposizione gratuitamente un vasto archivio di articoli, libri e video senza chiedere alcun sostegno n\u00e9 utilizzare pubblicit\u00e0 invadenti e fastidiose.Tuttavia, non usufruendo di alcun finanziamento, siamo costretti da oggi a fare appello a [&hellip;]<\/p>\n","protected":false},"author":1,"featured_media":0,"parent":0,"menu_order":0,"comment_status":"closed","ping_status":"closed","template":"","meta":{"footnotes":""},"class_list":["post-87474","page","type-page","status-publish","hentry"],"_links":{"self":[{"href":"https:\/\/www.liberopensare.com\/en\/wp-json\/wp\/v2\/pages\/87474","targetHints":{"allow":["GET"]}}],"collection":[{"href":"https:\/\/www.liberopensare.com\/en\/wp-json\/wp\/v2\/pages"}],"about":[{"href":"https:\/\/www.liberopensare.com\/en\/wp-json\/wp\/v2\/types\/page"}],"author":[{"embeddable":true,"href":"https:\/\/www.liberopensare.com\/en\/wp-json\/wp\/v2\/users\/1"}],"replies":[{"embeddable":true,"href":"https:\/\/www.liberopensare.com\/en\/wp-json\/wp\/v2\/comments?post=87474"}],"version-history":[{"count":5,"href":"https:\/\/www.liberopensare.com\/en\/wp-json\/wp\/v2\/pages\/87474\/revisions"}],"predecessor-version":[{"id":87555,"href":"https:\/\/www.liberopensare.com\/en\/wp-json\/wp\/v2\/pages\/87474\/revisions\/87555"}],"wp:attachment":[{"href":"https:\/\/www.liberopensare.com\/en\/wp-json\/wp\/v2\/media?parent=87474"}],"curies":[{"name":"wp","href":"https:\/\/api.w.org\/{rel}","templated":true}]}}