{"id":8850,"date":"2019-11-11T11:40:29","date_gmt":"2019-11-11T11:40:29","guid":{"rendered":"https:\/\/www.liberopensare.com\/?page_id=8850"},"modified":"2022-10-31T12:38:33","modified_gmt":"2022-10-31T11:38:33","slug":"bianca-maria-scabelloni-biografia","status":"publish","type":"page","link":"https:\/\/www.liberopensare.com\/en\/bianca-maria-scabelloni-biografia\/","title":{"rendered":"Bianca Maria Scabelloni &#8211; Biografia"},"content":{"rendered":"\t\t<div data-elementor-type=\"wp-page\" data-elementor-id=\"8850\" class=\"elementor elementor-8850\" data-elementor-settings=\"{&quot;element_pack_global_tooltip_width&quot;:{&quot;unit&quot;:&quot;px&quot;,&quot;size&quot;:&quot;&quot;,&quot;sizes&quot;:[]},&quot;element_pack_global_tooltip_width_tablet&quot;:{&quot;unit&quot;:&quot;px&quot;,&quot;size&quot;:&quot;&quot;,&quot;sizes&quot;:[]},&quot;element_pack_global_tooltip_width_mobile&quot;:{&quot;unit&quot;:&quot;px&quot;,&quot;size&quot;:&quot;&quot;,&quot;sizes&quot;:[]},&quot;element_pack_global_tooltip_padding&quot;:{&quot;unit&quot;:&quot;px&quot;,&quot;top&quot;:&quot;&quot;,&quot;right&quot;:&quot;&quot;,&quot;bottom&quot;:&quot;&quot;,&quot;left&quot;:&quot;&quot;,&quot;isLinked&quot;:true},&quot;element_pack_global_tooltip_padding_tablet&quot;:{&quot;unit&quot;:&quot;px&quot;,&quot;top&quot;:&quot;&quot;,&quot;right&quot;:&quot;&quot;,&quot;bottom&quot;:&quot;&quot;,&quot;left&quot;:&quot;&quot;,&quot;isLinked&quot;:true},&quot;element_pack_global_tooltip_padding_mobile&quot;:{&quot;unit&quot;:&quot;px&quot;,&quot;top&quot;:&quot;&quot;,&quot;right&quot;:&quot;&quot;,&quot;bottom&quot;:&quot;&quot;,&quot;left&quot;:&quot;&quot;,&quot;isLinked&quot;:true},&quot;element_pack_global_tooltip_border_radius&quot;:{&quot;unit&quot;:&quot;px&quot;,&quot;top&quot;:&quot;&quot;,&quot;right&quot;:&quot;&quot;,&quot;bottom&quot;:&quot;&quot;,&quot;left&quot;:&quot;&quot;,&quot;isLinked&quot;:true},&quot;element_pack_global_tooltip_border_radius_tablet&quot;:{&quot;unit&quot;:&quot;px&quot;,&quot;top&quot;:&quot;&quot;,&quot;right&quot;:&quot;&quot;,&quot;bottom&quot;:&quot;&quot;,&quot;left&quot;:&quot;&quot;,&quot;isLinked&quot;:true},&quot;element_pack_global_tooltip_border_radius_mobile&quot;:{&quot;unit&quot;:&quot;px&quot;,&quot;top&quot;:&quot;&quot;,&quot;right&quot;:&quot;&quot;,&quot;bottom&quot;:&quot;&quot;,&quot;left&quot;:&quot;&quot;,&quot;isLinked&quot;:true}}\" data-elementor-post-type=\"page\">\n\t\t\t\t\t\t<section class=\"elementor-section elementor-top-section elementor-element elementor-element-3aaa1362 elementor-section-boxed elementor-section-height-default elementor-section-height-default\" data-id=\"3aaa1362\" data-element_type=\"section\" data-e-type=\"section\" data-settings=\"{&quot;jet_parallax_layout_list&quot;:[{&quot;jet_parallax_layout_image&quot;:{&quot;url&quot;:&quot;&quot;,&quot;id&quot;:&quot;&quot;,&quot;size&quot;:&quot;&quot;},&quot;_id&quot;:&quot;67e84f0&quot;,&quot;jet_parallax_layout_image_tablet&quot;:{&quot;url&quot;:&quot;&quot;,&quot;id&quot;:&quot;&quot;,&quot;size&quot;:&quot;&quot;},&quot;jet_parallax_layout_image_mobile&quot;:{&quot;url&quot;:&quot;&quot;,&quot;id&quot;:&quot;&quot;,&quot;size&quot;:&quot;&quot;},&quot;jet_parallax_layout_speed&quot;:{&quot;unit&quot;:&quot;%&quot;,&quot;size&quot;:50,&quot;sizes&quot;:[]},&quot;jet_parallax_layout_type&quot;:&quot;scroll&quot;,&quot;jet_parallax_layout_direction&quot;:&quot;1&quot;,&quot;jet_parallax_layout_fx_direction&quot;:null,&quot;jet_parallax_layout_z_index&quot;:&quot;&quot;,&quot;jet_parallax_layout_bg_x&quot;:50,&quot;jet_parallax_layout_bg_x_tablet&quot;:&quot;&quot;,&quot;jet_parallax_layout_bg_x_mobile&quot;:&quot;&quot;,&quot;jet_parallax_layout_bg_y&quot;:50,&quot;jet_parallax_layout_bg_y_tablet&quot;:&quot;&quot;,&quot;jet_parallax_layout_bg_y_mobile&quot;:&quot;&quot;,&quot;jet_parallax_layout_bg_size&quot;:&quot;auto&quot;,&quot;jet_parallax_layout_bg_size_tablet&quot;:&quot;&quot;,&quot;jet_parallax_layout_bg_size_mobile&quot;:&quot;&quot;,&quot;jet_parallax_layout_animation_prop&quot;:&quot;transform&quot;,&quot;jet_parallax_layout_on&quot;:[&quot;desktop&quot;,&quot;tablet&quot;]}],&quot;background_background&quot;:&quot;classic&quot;}\">\n\t\t\t\t\t\t<div class=\"elementor-container elementor-column-gap-default\">\n\t\t\t\t\t<div class=\"elementor-column elementor-col-100 elementor-top-column elementor-element elementor-element-21a9a851\" data-id=\"21a9a851\" data-element_type=\"column\" data-e-type=\"column\">\n\t\t\t<div class=\"elementor-widget-wrap elementor-element-populated\">\n\t\t\t\t\t\t<section class=\"elementor-section elementor-inner-section elementor-element elementor-element-6a2ef2fe elementor-section-boxed elementor-section-height-default elementor-section-height-default\" data-id=\"6a2ef2fe\" data-element_type=\"section\" data-e-type=\"section\" data-settings=\"{&quot;jet_parallax_layout_list&quot;:[{&quot;jet_parallax_layout_image&quot;:{&quot;url&quot;:&quot;&quot;,&quot;id&quot;:&quot;&quot;,&quot;size&quot;:&quot;&quot;},&quot;_id&quot;:&quot;d4456a9&quot;,&quot;jet_parallax_layout_image_tablet&quot;:{&quot;url&quot;:&quot;&quot;,&quot;id&quot;:&quot;&quot;,&quot;size&quot;:&quot;&quot;},&quot;jet_parallax_layout_image_mobile&quot;:{&quot;url&quot;:&quot;&quot;,&quot;id&quot;:&quot;&quot;,&quot;size&quot;:&quot;&quot;},&quot;jet_parallax_layout_speed&quot;:{&quot;unit&quot;:&quot;%&quot;,&quot;size&quot;:50,&quot;sizes&quot;:[]},&quot;jet_parallax_layout_type&quot;:&quot;scroll&quot;,&quot;jet_parallax_layout_direction&quot;:&quot;1&quot;,&quot;jet_parallax_layout_fx_direction&quot;:null,&quot;jet_parallax_layout_z_index&quot;:&quot;&quot;,&quot;jet_parallax_layout_bg_x&quot;:50,&quot;jet_parallax_layout_bg_x_tablet&quot;:&quot;&quot;,&quot;jet_parallax_layout_bg_x_mobile&quot;:&quot;&quot;,&quot;jet_parallax_layout_bg_y&quot;:50,&quot;jet_parallax_layout_bg_y_tablet&quot;:&quot;&quot;,&quot;jet_parallax_layout_bg_y_mobile&quot;:&quot;&quot;,&quot;jet_parallax_layout_bg_size&quot;:&quot;auto&quot;,&quot;jet_parallax_layout_bg_size_tablet&quot;:&quot;&quot;,&quot;jet_parallax_layout_bg_size_mobile&quot;:&quot;&quot;,&quot;jet_parallax_layout_animation_prop&quot;:&quot;transform&quot;,&quot;jet_parallax_layout_on&quot;:[&quot;desktop&quot;,&quot;tablet&quot;]}]}\">\n\t\t\t\t\t\t<div class=\"elementor-container elementor-column-gap-default\">\n\t\t\t\t\t<div class=\"elementor-column elementor-col-50 elementor-inner-column elementor-element elementor-element-c6c5b59\" data-id=\"c6c5b59\" data-element_type=\"column\" data-e-type=\"column\">\n\t\t\t<div class=\"elementor-widget-wrap elementor-element-populated\">\n\t\t\t\t\t\t<div class=\"elementor-element elementor-element-338dda81 elementor-widget elementor-widget-heading\" data-id=\"338dda81\" data-element_type=\"widget\" data-e-type=\"widget\" data-widget_type=\"heading.default\">\n\t\t\t\t<div class=\"elementor-widget-container\">\n\t\t\t\t\t<h2 class=\"elementor-heading-title elementor-size-default\">Bianca Maria Scabelloni <\/h2>\t\t\t\t<\/div>\n\t\t\t\t<\/div>\n\t\t\t\t<div class=\"elementor-element elementor-element-42fe1f88 elementor-widget elementor-widget-text-editor\" data-id=\"42fe1f88\" data-element_type=\"widget\" data-e-type=\"widget\" data-widget_type=\"text-editor.default\">\n\t\t\t\t<div class=\"elementor-widget-container\">\n\t\t\t\t\t\t\t\t\t<p><img fetchpriority=\"high\" decoding=\"async\" class=\"size-full wp-image-5133 alignleft\" src=\"https:\/\/www.liberopensare.com\/wp-content\/uploads\/2019\/09\/mimma.jpg\" alt=\"Mimma Bevenuti\" width=\"250\" height=\"229\" \/><\/p><p>\u201c<em>Dottore Lei mi deve promettere che mi aiuter\u00e0 ad incontrarLo\u2026<\/em>\u201d disse la giovane donna, tanto esile quanto decisa, guardandolo fisso negli occhi, \u201c\u2026d\u2019ora in avanti la mia vita non avr\u00e0 altro scopo\u201d. Il dottor Colazza, discepolo diretto di Steiner aveva appena terminato una riunione in cui aveva parlato dell\u2019Incontro per eccellenza, quello che Rudolf Steiner aveva annunciato per la nostra epoca, l\u2019incontro con il Cristo eterico.<\/p><p>La giovane donna era Bianca Maria Scabelloni, e da allora mantenne la sua promessa, dedicando tutta la sua esistenza a quell\u2019Incontro.<\/p><p>Una vita dietro le quinte quella di Mimma \u2013 come tutti la chiamavano \u2013 non propriamente invisibile ma certo mai sotto l\u2019occhio dei riflettori. Una vita all\u2019ombra di due giganti spirituali come Giovanni Colazza e Massimo Scaligero, che era poi suo cugino. Dietro le quinte, ma solo per via del suo modo di essere che la portava a non voler apparire; nel corso della sua vita non ha infatti pubblicato n\u00e9 libri n\u00e9 tenuto conferenze pubbliche ma solo incontri privati con i vari gruppi di ricercatori che gravitavano intorno a Massimo Scaligero.<\/p><p>Non che le mancassero i mezzi o il carattere, anzi.<\/p><p>Fu lei che all\u2019indomani della scomparsa di Giovanni Colazza, nello smarrimento di tutti, davanti al tavolo vuoto dove lui usava tenere le riunioni, si alz\u00f2 con decisione prendendo per il braccio Massimo e letteralmente trascinandolo al tavolo: \u201c<em>Ora vai a sederti a quel tavolo, perch\u00e9 il nostro lavoro deve continuare e tu sei quello che deve guidarci<\/em>\u201d.<\/p><p>Bianca Maria Scabelloni (1923-1990) \u00e8 stata una presenza silenziosa, attenta, disponibile ad assistere chiunque avesse bisogno di un aiuto sulla Via dello Spirito. La sua dedizione \u2013 fino al sacrificio di s\u00e9 \u2013 ha accompagnato centinaia di persone nella ricerca interiore, in particolare nel decennio successivo alla scomparsa di Massimo Scaligero \u2013 avvenuta nel 1980 \u2013 che produsse un incolmabile vuoto tra coloro che lo seguivano.<\/p><p><img decoding=\"async\" class=\"size-medium wp-image-5149 alignright\" src=\"https:\/\/www.liberopensare.com\/wp-content\/uploads\/2019\/09\/Mimma2-300x202.jpg\" alt=\"\" width=\"300\" height=\"202\" srcset=\"https:\/\/www.liberopensare.com\/wp-content\/uploads\/2019\/09\/Mimma2-300x202.jpg 300w, https:\/\/www.liberopensare.com\/wp-content\/uploads\/2019\/09\/Mimma2-768x516.jpg 768w, https:\/\/www.liberopensare.com\/wp-content\/uploads\/2019\/09\/Mimma2.jpg 960w\" sizes=\"(max-width: 300px) 100vw, 300px\" \/>Minuta nel fisico ma con occhi d\u2019insondabile profondit\u00e0 era una persona di grande semplicit\u00e0 e umilt\u00e0, qualit\u00e0 che apparentemente stridevano con la sua statura interiore; un contrasto del tutto speciale, in particolare per chi fosse abituato a incontrare quei sedicenti maestri che tendono ad enfatizzare vere o presunte qualit\u00e0 spirituali. Eppure l\u2019impressione che lasciava su chi la incontrava era di una personalit\u00e0 assolutamente fuori dall\u2019ordinario, una presenza di luce e di saggezza pronta a donare, con una naturalezza disarmante, a chiunque ne avesse bisogno, la parola giusta, un\u2019indicazione di vita, un suggerimento interiore.<\/p><p>Il suo modo di vivere era quasi monacale ma la sua dimora talmente pervasa di amore per gli altri che entrare nella sua casa dava l\u2019impressione di accedere a un tempio. Mimma aveva acquisito grandi esperienze pedagogiche gi\u00e0 dagli anni \u201940 del secolo scorso presso la scuola steineriana milanese; esperienze che le avevano permesso di concepire una \u201cvia italiana\u201d alla pedagogia Waldorf, pur nella fedelt\u00e0 alle basi della visione pedagogica e didattica elaborate da Rudolf Steiner.<\/p><p>Da Milano, citt\u00e0 della sua giovinezza, Mimma si spost\u00f2 a Roma, avendo sposato Romolo Benvenuti, anch\u2019egli studioso di Antroposofia e presidente, sino alla sua scomparsa, del Gruppo antroposofico Novalis di Roma. Nella Capitale la sua ricchezza di stimoli interiori e di esperienza pedagogica fu alla base &#8211; nel 1979 &#8211; della creazione della Scuola Materna Arcobaleno nel quartiere di Monteverde Vecchio. Tutto inizi\u00f2 con una prima classe di scuola materna, seguita, tra mille difficolt\u00e0 e problemi, da altre due e poi da una scuola elementare.<\/p><p><img decoding=\"async\" class=\"size-medium wp-image-5150 alignleft\" src=\"https:\/\/www.liberopensare.com\/wp-content\/uploads\/2019\/09\/Mimma3-257x300.jpg\" alt=\"\" width=\"257\" height=\"300\" srcset=\"https:\/\/www.liberopensare.com\/wp-content\/uploads\/2019\/09\/Mimma3-257x300.jpg 257w, https:\/\/www.liberopensare.com\/wp-content\/uploads\/2019\/09\/Mimma3-768x895.jpg 768w, https:\/\/www.liberopensare.com\/wp-content\/uploads\/2019\/09\/Mimma3-878x1024.jpg 878w, https:\/\/www.liberopensare.com\/wp-content\/uploads\/2019\/09\/Mimma3.jpg 1000w\" sizes=\"(max-width: 257px) 100vw, 257px\" \/>Gli appunti di pedagogia e didattica di Mimma sono stati poi raccolti e pubblicati in un libro solo dopo la sua morte: \u201cIl metodo dell\u2019uomo\u201d edito nel 1998 da Tilopa, che rappresenta un manuale prezioso per tutti gli operatori di pedagogia steineriana.<\/p><p>Oltre all\u2019elemento didattico e pedagogico era particolarmente vivo in lei un particolare e originale sentimento per l\u2019essere dell\u2019euritmia, la nuova arte spirituale ideata da Rudolf Steiner, grazie alla quale si esprimono nello spazio i movimenti che danno forma all\u2019essere del linguaggio. Aveva appreso quest\u2019arte nei primi anni \u201950 \u2013 sempre nel corso della sua preparazione presso la scuola antroposofica di Milano &#8211; dalla signora Vanna Rizzi-Bianchi, discepola diretta di Marie Steiner von Sivers.<\/p><p>Si trattava di un\u2019euritmia in perfetta linea con le indicazioni e la direzione interiore che prese la \u201cvia italiana\u201d alla Scienza dello Spirito grazie agli influssi di personalit\u00e0 d\u2019altissimo livello interiore come Giovanni Colazza e Massimo Scaligero. Mimma non si stanc\u00f2 mai di trasmetterla con dedizione inesauribile a centinaia di persone nel corso della sua vita.<\/p><p>Le conferenze che verranno pubblicate in questo spazio provengono da incontri privati con gruppi di lavoro spirituale &#8211; soprattutto quello di Castelnuovo di Porto, ma anche altri &#8211; negli anni \u201980 del secolo scorso. Sono state registrate e trascritte senza la supervisione di Mimma ma i loro contenuti rappresentano ancora oggi un dono impagabile di conoscenza e di libert\u00e0.<\/p><p><em>Piero Cammerinesi<\/em><\/p>\t\t\t\t\t\t\t\t<\/div>\n\t\t\t\t<\/div>\n\t\t\t\t\t<\/div>\n\t\t<\/div>\n\t\t\t\t<div class=\"elementor-column elementor-col-50 elementor-inner-column elementor-element elementor-element-120ccab5\" data-id=\"120ccab5\" data-element_type=\"column\" data-e-type=\"column\">\n\t\t\t<div class=\"elementor-widget-wrap elementor-element-populated\">\n\t\t\t\t\t\t<div class=\"elementor-element elementor-element-7d3e1df elementor-align-center elementor-widget elementor-widget-button\" data-id=\"7d3e1df\" data-element_type=\"widget\" data-e-type=\"widget\" data-widget_type=\"button.default\">\n\t\t\t\t<div class=\"elementor-widget-container\">\n\t\t\t\t\t\t\t\t\t<div class=\"elementor-button-wrapper\">\n\t\t\t\t\t<a class=\"elementor-button elementor-button-link elementor-size-sm\" href=\"https:\/\/www.liberopensare.com\/bianca-maria-scabelloni-opere\/\">\n\t\t\t\t\t\t<span class=\"elementor-button-content-wrapper\">\n\t\t\t\t\t\t\t\t\t<span class=\"elementor-button-text\">Vai alle Opere<\/span>\n\t\t\t\t\t<\/span>\n\t\t\t\t\t<\/a>\n\t\t\t\t<\/div>\n\t\t\t\t\t\t\t\t<\/div>\n\t\t\t\t<\/div>\n\t\t\t\t\t<\/div>\n\t\t<\/div>\n\t\t\t\t\t<\/div>\n\t\t<\/section>\n\t\t\t\t\t<\/div>\n\t\t<\/div>\n\t\t\t\t\t<\/div>\n\t\t<\/section>\n\t\t\t\t<\/div>\n\t\t","protected":false},"excerpt":{"rendered":"<p>Bianca Maria Scabelloni \u201cDottore Lei mi deve promettere che mi aiuter\u00e0 ad incontrarLo\u2026\u201d disse la giovane donna, tanto esile quanto decisa, guardandolo fisso negli occhi, \u201c\u2026d\u2019ora in avanti la mia vita non avr\u00e0 altro scopo\u201d. Il dottor Colazza, discepolo diretto di Steiner aveva appena terminato una riunione in cui aveva parlato dell\u2019Incontro per eccellenza, quello [&hellip;]<\/p>\n","protected":false},"author":1,"featured_media":0,"parent":0,"menu_order":0,"comment_status":"closed","ping_status":"closed","template":"elementor_header_footer","meta":{"footnotes":""},"class_list":["post-8850","page","type-page","status-publish","hentry"],"_links":{"self":[{"href":"https:\/\/www.liberopensare.com\/en\/wp-json\/wp\/v2\/pages\/8850","targetHints":{"allow":["GET"]}}],"collection":[{"href":"https:\/\/www.liberopensare.com\/en\/wp-json\/wp\/v2\/pages"}],"about":[{"href":"https:\/\/www.liberopensare.com\/en\/wp-json\/wp\/v2\/types\/page"}],"author":[{"embeddable":true,"href":"https:\/\/www.liberopensare.com\/en\/wp-json\/wp\/v2\/users\/1"}],"replies":[{"embeddable":true,"href":"https:\/\/www.liberopensare.com\/en\/wp-json\/wp\/v2\/comments?post=8850"}],"version-history":[{"count":0,"href":"https:\/\/www.liberopensare.com\/en\/wp-json\/wp\/v2\/pages\/8850\/revisions"}],"wp:attachment":[{"href":"https:\/\/www.liberopensare.com\/en\/wp-json\/wp\/v2\/media?parent=8850"}],"curies":[{"name":"wp","href":"https:\/\/api.w.org\/{rel}","templated":true}]}}